{"id":16291,"date":"2023-02-24T23:00:32","date_gmt":"2023-02-24T23:00:32","guid":{"rendered":"https:\/\/domusonline.ro\/fr\/?post_type=product&#038;p=16291"},"modified":"2023-06-20T00:17:03","modified_gmt":"2023-06-20T00:17:03","slug":"living-din-lemn-stratificat-d01","status":"publish","type":"product","link":"https:\/\/domusonline.ro\/fr\/product\/living-din-lemn-stratificat-d01\/","title":{"rendered":"Salon en bois lamell\u00e9"},"content":{"rendered":"<p class=\"p1\">Le mobilier en bois stratifi\u00e9 est un choix populaire pour l&#8217;am\u00e9nagement des espaces int\u00e9rieurs, \u00e0 la fois en raison de sa durabilit\u00e9 et de son esth\u00e9tique agr\u00e9able.<\/p>\n<p class=\"p1\">Offrant une large gamme de produits, des tables et des lambris aux meubles pour le salon et les chambres \u00e0 coucher, le mobilier en bois stratifi\u00e9 de DOMUS peut \u00eatre personnalis\u00e9 pour s&#8217;adapter \u00e0 n&#8217;importe quel style de design int\u00e9rieur.<\/p>\n<p class=\"p1\">Les mat\u00e9riaux de qualit\u00e9 sup\u00e9rieure et les techniques de fabrication de pointe garantissent la durabilit\u00e9 et l&#8217;esth\u00e9tique des produits, afin qu&#8217;ils r\u00e9sistent \u00e0 l&#8217;\u00e9preuve du temps.<\/p>\n<p class=\"p1\">Il est trait\u00e9 pour r\u00e9sister \u00e0 l&#8217;humidit\u00e9 et \u00e0 l&#8217;usure, vous permettant ainsi de profiter d&#8217;un mobilier impeccable pendant de nombreuses ann\u00e9es.<\/p>\n","protected":false},"excerpt":{"rendered":"<p>Le mobilier en bois stratifi\u00e9 est un choix populaire pour l&#8217;am\u00e9nagement des espaces int\u00e9rieurs, \u00e0 la fois en raison de sa durabilit\u00e9 et de son esth\u00e9tique agr\u00e9able. Offrant une large gamme de produits, des tables et des lambris aux meubles pour le salon et les chambres \u00e0 coucher, le mobilier en bois stratifi\u00e9 de DOMUS [&hellip;]<\/p>\n","protected":false},"featured_media":16296,"comment_status":"open","ping_status":"closed","template":"","meta":{"_joinchat":[]},"product_cat":[235],"product_tag":[],"class_list":["post-16291","product","type-product","status-publish","has-post-thumbnail","hentry","product_cat-mobilier-lemn"],"yoast_head":"<!-- This site is optimized with the Yoast SEO plugin v19.7.2 - https:\/\/yoast.com\/wordpress\/plugins\/seo\/ -->\n<title>Salon en bois lamell\u00e9 -<\/title>\n<meta name=\"robots\" content=\"index, follow, max-snippet:-1, max-image-preview:large, max-video-preview:-1\" \/>\n<link rel=\"canonical\" href=\"https:\/\/domusonline.ro\/fr\/product\/living-din-lemn-stratificat-d01\/\" \/>\n<meta property=\"og:locale\" content=\"ro_RO\" \/>\n<meta property=\"og:type\" content=\"article\" \/>\n<meta property=\"og:title\" content=\"Salon en bois lamell\u00e9 -\" \/>\n<meta property=\"og:description\" content=\"Le mobilier en bois stratifi\u00e9 est un choix populaire pour l&#8217;am\u00e9nagement des espaces int\u00e9rieurs, \u00e0 la fois en raison de sa durabilit\u00e9 et de son esth\u00e9tique agr\u00e9able. Offrant une large gamme de produits, des tables et des lambris aux meubles pour le salon et les chambres \u00e0 coucher, le mobilier en bois stratifi\u00e9 de DOMUS [&hellip;]\" \/>\n<meta property=\"og:url\" content=\"https:\/\/domusonline.ro\/fr\/product\/living-din-lemn-stratificat-d01\/\" \/>\n<meta property=\"article:modified_time\" content=\"2023-06-20T00:17:03+00:00\" \/>\n<meta property=\"og:image\" content=\"https:\/\/domusonline.ro\/fr\/wp-content\/uploads\/2023\/02\/23-1.jpg\" \/>\n\t<meta property=\"og:image:width\" content=\"898\" \/>\n\t<meta property=\"og:image:height\" content=\"876\" \/>\n\t<meta property=\"og:image:type\" content=\"image\/jpeg\" \/>\n<meta name=\"twitter:card\" content=\"summary_large_image\" \/>\n<meta name=\"twitter:label1\" content=\"Timp estimat pentru citire\" \/>\n\t<meta name=\"twitter:data1\" content=\"1 minut\" \/>\n<script type=\"application\/ld+json\" class=\"yoast-schema-graph\">{\"@context\":\"https:\/\/schema.org\",\"@graph\":[{\"@type\":\"WebPage\",\"@id\":\"https:\/\/domusonline.ro\/fr\/product\/living-din-lemn-stratificat-d01\/\",\"url\":\"https:\/\/domusonline.ro\/fr\/product\/living-din-lemn-stratificat-d01\/\",\"name\":\"Salon en bois lamell\u00e9 -\",\"isPartOf\":{\"@id\":\"https:\/\/domusonline.ro\/fr\/#website\"},\"datePublished\":\"2023-02-24T23:00:32+00:00\",\"dateModified\":\"2023-06-20T00:17:03+00:00\",\"breadcrumb\":{\"@id\":\"https:\/\/domusonline.ro\/fr\/product\/living-din-lemn-stratificat-d01\/#breadcrumb\"},\"inLanguage\":\"ro-RO\",\"potentialAction\":[{\"@type\":\"ReadAction\",\"target\":[\"https:\/\/domusonline.ro\/fr\/product\/living-din-lemn-stratificat-d01\/\"]}]},{\"@type\":\"BreadcrumbList\",\"@id\":\"https:\/\/domusonline.ro\/fr\/product\/living-din-lemn-stratificat-d01\/#breadcrumb\",\"itemListElement\":[{\"@type\":\"ListItem\",\"position\":1,\"name\":\"Home\",\"item\":\"https:\/\/domusonline.ro\/fr\/\"},{\"@type\":\"ListItem\",\"position\":2,\"name\":\"Refund and Returns Policy\",\"item\":\"https:\/\/domusonline.ro\/fr\/?page_id=5836\"},{\"@type\":\"ListItem\",\"position\":3,\"name\":\"Salon en bois lamell\u00e9\"}]},{\"@type\":\"WebSite\",\"@id\":\"https:\/\/domusonline.ro\/fr\/#website\",\"url\":\"https:\/\/domusonline.ro\/fr\/\",\"name\":\"\",\"description\":\"\",\"potentialAction\":[{\"@type\":\"SearchAction\",\"target\":{\"@type\":\"EntryPoint\",\"urlTemplate\":\"https:\/\/domusonline.ro\/fr\/?s={search_term_string}\"},\"query-input\":\"required name=search_term_string\"}],\"inLanguage\":\"ro-RO\"}]}<\/script>\n<!-- \/ Yoast SEO plugin. -->","yoast_head_json":{"title":"Salon en bois lamell\u00e9 -","robots":{"index":"index","follow":"follow","max-snippet":"max-snippet:-1","max-image-preview":"max-image-preview:large","max-video-preview":"max-video-preview:-1"},"canonical":"https:\/\/domusonline.ro\/fr\/product\/living-din-lemn-stratificat-d01\/","og_locale":"ro_RO","og_type":"article","og_title":"Salon en bois lamell\u00e9 -","og_description":"Le mobilier en bois stratifi\u00e9 est un choix populaire pour l&#8217;am\u00e9nagement des espaces int\u00e9rieurs, \u00e0 la fois en raison de sa durabilit\u00e9 et de son esth\u00e9tique agr\u00e9able. Offrant une large gamme de produits, des tables et des lambris aux meubles pour le salon et les chambres \u00e0 coucher, le mobilier en bois stratifi\u00e9 de DOMUS [&hellip;]","og_url":"https:\/\/domusonline.ro\/fr\/product\/living-din-lemn-stratificat-d01\/","article_modified_time":"2023-06-20T00:17:03+00:00","og_image":[{"width":898,"height":876,"url":"https:\/\/domusonline.ro\/fr\/wp-content\/uploads\/2023\/02\/23-1.jpg","type":"image\/jpeg"}],"twitter_card":"summary_large_image","twitter_misc":{"Timp estimat pentru citire":"1 minut"},"schema":{"@context":"https:\/\/schema.org","@graph":[{"@type":"WebPage","@id":"https:\/\/domusonline.ro\/fr\/product\/living-din-lemn-stratificat-d01\/","url":"https:\/\/domusonline.ro\/fr\/product\/living-din-lemn-stratificat-d01\/","name":"Salon en bois lamell\u00e9 -","isPartOf":{"@id":"https:\/\/domusonline.ro\/fr\/#website"},"datePublished":"2023-02-24T23:00:32+00:00","dateModified":"2023-06-20T00:17:03+00:00","breadcrumb":{"@id":"https:\/\/domusonline.ro\/fr\/product\/living-din-lemn-stratificat-d01\/#breadcrumb"},"inLanguage":"ro-RO","potentialAction":[{"@type":"ReadAction","target":["https:\/\/domusonline.ro\/fr\/product\/living-din-lemn-stratificat-d01\/"]}]},{"@type":"BreadcrumbList","@id":"https:\/\/domusonline.ro\/fr\/product\/living-din-lemn-stratificat-d01\/#breadcrumb","itemListElement":[{"@type":"ListItem","position":1,"name":"Home","item":"https:\/\/domusonline.ro\/fr\/"},{"@type":"ListItem","position":2,"name":"Refund and Returns Policy","item":"https:\/\/domusonline.ro\/fr\/?page_id=5836"},{"@type":"ListItem","position":3,"name":"Salon en bois lamell\u00e9"}]},{"@type":"WebSite","@id":"https:\/\/domusonline.ro\/fr\/#website","url":"https:\/\/domusonline.ro\/fr\/","name":"","description":"","potentialAction":[{"@type":"SearchAction","target":{"@type":"EntryPoint","urlTemplate":"https:\/\/domusonline.ro\/fr\/?s={search_term_string}"},"query-input":"required name=search_term_string"}],"inLanguage":"ro-RO"}]}},"_links":{"self":[{"href":"https:\/\/domusonline.ro\/fr\/wp-json\/wp\/v2\/product\/16291","targetHints":{"allow":["GET"]}}],"collection":[{"href":"https:\/\/domusonline.ro\/fr\/wp-json\/wp\/v2\/product"}],"about":[{"href":"https:\/\/domusonline.ro\/fr\/wp-json\/wp\/v2\/types\/product"}],"replies":[{"embeddable":true,"href":"https:\/\/domusonline.ro\/fr\/wp-json\/wp\/v2\/comments?post=16291"}],"wp:featuredmedia":[{"embeddable":true,"href":"https:\/\/domusonline.ro\/fr\/wp-json\/wp\/v2\/media\/16296"}],"wp:attachment":[{"href":"https:\/\/domusonline.ro\/fr\/wp-json\/wp\/v2\/media?parent=16291"}],"wp:term":[{"taxonomy":"product_cat","embeddable":true,"href":"https:\/\/domusonline.ro\/fr\/wp-json\/wp\/v2\/product_cat?post=16291"},{"taxonomy":"product_tag","embeddable":true,"href":"https:\/\/domusonline.ro\/fr\/wp-json\/wp\/v2\/product_tag?post=16291"}],"curies":[{"name":"wp","href":"https:\/\/api.w.org\/{rel}","templated":true}]}}