{"id":15511,"date":"2023-02-23T18:47:05","date_gmt":"2023-02-23T18:47:05","guid":{"rendered":"https:\/\/domusonline.ro\/fr\/?post_type=product&#038;p=15511"},"modified":"2023-06-20T00:05:36","modified_gmt":"2023-06-20T00:05:36","slug":"scari-interioare-din-lemn-stratificat-d01","status":"publish","type":"product","link":"https:\/\/domusonline.ro\/fr\/product\/scari-interioare-din-lemn-stratificat-d01\/","title":{"rendered":"Escaliers int\u00e9rieurs en bois stratifi\u00e9"},"content":{"rendered":"<p class=\"p1\">Si vous souhaitez une escalier int\u00e9rieur qui apporte une sensation d&#8217;\u00e9quilibre et d&#8217;harmonie dans votre maison, alors Domus a ce qu&#8217;il vous faut ! Que vous pr\u00e9f\u00e9riez une structure en b\u00e9ton ou en bois, nous fabriquons des escaliers en bois sur mesure, avec un design unique et un style personnalis\u00e9.<\/p>\n<p class=\"p1\">Le mobilier de Domus est cr\u00e9\u00e9 avec une attention aux d\u00e9tails, afin de fournir un escalier int\u00e9rieur qui deviendra un \u00e9l\u00e9ment de mobilier repr\u00e9sentatif de votre maison. Chaque escalier est fabriqu\u00e9 sur mesure pour s&#8217;adapter parfaitement \u00e0 votre espace et \u00e0 votre style.<\/p>\n<p class=\"p1\">Nous utilisons les meilleurs mat\u00e9riaux et finitions pour nous assurer que votre escalier en bois soit beau et durable. Les \u00e9l\u00e9ments de base de notre escalier en bois comprennent les marches, les contremarches, la rampe d&#8217;extr\u00e9mit\u00e9, les balustres interm\u00e9diaires et une main courante. Les surfaces sont finies avec des laques polyur\u00e9thanes \u00e9cologiques pour cr\u00e9er une apparence et une texture lisses et brillantes.<\/p>\n<p class=\"p1\">Quelle que soit la taille ou le style de votre maison, notre escalier en bois peut offrir une solution unique et personnalis\u00e9e pour votre espace, transformant un simple escalier int\u00e9rieur en un v\u00e9ritable \u00e9l\u00e9ment de mobilier impressionnant.<\/p>\n","protected":false},"excerpt":{"rendered":"<p>Si vous souhaitez une escalier int\u00e9rieur qui apporte une sensation d&#8217;\u00e9quilibre et d&#8217;harmonie dans votre maison, alors Domus a ce qu&#8217;il vous faut ! Que vous pr\u00e9f\u00e9riez une structure en b\u00e9ton ou en bois, nous fabriquons des escaliers en bois sur mesure, avec un design unique et un style personnalis\u00e9. Le mobilier de Domus est [&hellip;]<\/p>\n","protected":false},"featured_media":15596,"comment_status":"open","ping_status":"closed","template":"","meta":{"_joinchat":[]},"product_cat":[233],"product_tag":[],"class_list":["post-15511","product","type-product","status-publish","has-post-thumbnail","hentry","product_cat-scari-interioare"],"yoast_head":"<!-- This site is optimized with the Yoast SEO plugin v19.7.2 - https:\/\/yoast.com\/wordpress\/plugins\/seo\/ -->\n<title>Escaliers int\u00e9rieurs en bois stratifi\u00e9 -<\/title>\n<meta name=\"robots\" content=\"index, follow, max-snippet:-1, max-image-preview:large, max-video-preview:-1\" \/>\n<link rel=\"canonical\" href=\"https:\/\/domusonline.ro\/fr\/product\/scari-interioare-din-lemn-stratificat-d01\/\" \/>\n<meta property=\"og:locale\" content=\"ro_RO\" \/>\n<meta property=\"og:type\" content=\"article\" \/>\n<meta property=\"og:title\" content=\"Escaliers int\u00e9rieurs en bois stratifi\u00e9 -\" \/>\n<meta property=\"og:description\" content=\"Si vous souhaitez une escalier int\u00e9rieur qui apporte une sensation d&#8217;\u00e9quilibre et d&#8217;harmonie dans votre maison, alors Domus a ce qu&#8217;il vous faut ! Que vous pr\u00e9f\u00e9riez une structure en b\u00e9ton ou en bois, nous fabriquons des escaliers en bois sur mesure, avec un design unique et un style personnalis\u00e9. Le mobilier de Domus est [&hellip;]\" \/>\n<meta property=\"og:url\" content=\"https:\/\/domusonline.ro\/fr\/product\/scari-interioare-din-lemn-stratificat-d01\/\" \/>\n<meta property=\"article:modified_time\" content=\"2023-06-20T00:05:36+00:00\" \/>\n<meta property=\"og:image\" content=\"https:\/\/domusonline.ro\/fr\/wp-content\/uploads\/2023\/02\/1-3.jpg\" \/>\n\t<meta property=\"og:image:width\" content=\"1365\" \/>\n\t<meta property=\"og:image:height\" content=\"1210\" \/>\n\t<meta property=\"og:image:type\" content=\"image\/jpeg\" \/>\n<meta name=\"twitter:card\" content=\"summary_large_image\" \/>\n<meta name=\"twitter:label1\" content=\"Timp estimat pentru citire\" \/>\n\t<meta name=\"twitter:data1\" content=\"2 minute\" \/>\n<script type=\"application\/ld+json\" class=\"yoast-schema-graph\">{\"@context\":\"https:\/\/schema.org\",\"@graph\":[{\"@type\":\"WebPage\",\"@id\":\"https:\/\/domusonline.ro\/fr\/product\/scari-interioare-din-lemn-stratificat-d01\/\",\"url\":\"https:\/\/domusonline.ro\/fr\/product\/scari-interioare-din-lemn-stratificat-d01\/\",\"name\":\"Escaliers int\u00e9rieurs en bois stratifi\u00e9 -\",\"isPartOf\":{\"@id\":\"https:\/\/domusonline.ro\/fr\/#website\"},\"datePublished\":\"2023-02-23T18:47:05+00:00\",\"dateModified\":\"2023-06-20T00:05:36+00:00\",\"breadcrumb\":{\"@id\":\"https:\/\/domusonline.ro\/fr\/product\/scari-interioare-din-lemn-stratificat-d01\/#breadcrumb\"},\"inLanguage\":\"ro-RO\",\"potentialAction\":[{\"@type\":\"ReadAction\",\"target\":[\"https:\/\/domusonline.ro\/fr\/product\/scari-interioare-din-lemn-stratificat-d01\/\"]}]},{\"@type\":\"BreadcrumbList\",\"@id\":\"https:\/\/domusonline.ro\/fr\/product\/scari-interioare-din-lemn-stratificat-d01\/#breadcrumb\",\"itemListElement\":[{\"@type\":\"ListItem\",\"position\":1,\"name\":\"Home\",\"item\":\"https:\/\/domusonline.ro\/fr\/\"},{\"@type\":\"ListItem\",\"position\":2,\"name\":\"Refund and Returns Policy\",\"item\":\"https:\/\/domusonline.ro\/fr\/?page_id=5836\"},{\"@type\":\"ListItem\",\"position\":3,\"name\":\"Escaliers int\u00e9rieurs en bois stratifi\u00e9\"}]},{\"@type\":\"WebSite\",\"@id\":\"https:\/\/domusonline.ro\/fr\/#website\",\"url\":\"https:\/\/domusonline.ro\/fr\/\",\"name\":\"\",\"description\":\"\",\"potentialAction\":[{\"@type\":\"SearchAction\",\"target\":{\"@type\":\"EntryPoint\",\"urlTemplate\":\"https:\/\/domusonline.ro\/fr\/?s={search_term_string}\"},\"query-input\":\"required name=search_term_string\"}],\"inLanguage\":\"ro-RO\"}]}<\/script>\n<!-- \/ Yoast SEO plugin. -->","yoast_head_json":{"title":"Escaliers int\u00e9rieurs en bois stratifi\u00e9 -","robots":{"index":"index","follow":"follow","max-snippet":"max-snippet:-1","max-image-preview":"max-image-preview:large","max-video-preview":"max-video-preview:-1"},"canonical":"https:\/\/domusonline.ro\/fr\/product\/scari-interioare-din-lemn-stratificat-d01\/","og_locale":"ro_RO","og_type":"article","og_title":"Escaliers int\u00e9rieurs en bois stratifi\u00e9 -","og_description":"Si vous souhaitez une escalier int\u00e9rieur qui apporte une sensation d&#8217;\u00e9quilibre et d&#8217;harmonie dans votre maison, alors Domus a ce qu&#8217;il vous faut ! Que vous pr\u00e9f\u00e9riez une structure en b\u00e9ton ou en bois, nous fabriquons des escaliers en bois sur mesure, avec un design unique et un style personnalis\u00e9. Le mobilier de Domus est [&hellip;]","og_url":"https:\/\/domusonline.ro\/fr\/product\/scari-interioare-din-lemn-stratificat-d01\/","article_modified_time":"2023-06-20T00:05:36+00:00","og_image":[{"width":1365,"height":1210,"url":"https:\/\/domusonline.ro\/fr\/wp-content\/uploads\/2023\/02\/1-3.jpg","type":"image\/jpeg"}],"twitter_card":"summary_large_image","twitter_misc":{"Timp estimat pentru citire":"2 minute"},"schema":{"@context":"https:\/\/schema.org","@graph":[{"@type":"WebPage","@id":"https:\/\/domusonline.ro\/fr\/product\/scari-interioare-din-lemn-stratificat-d01\/","url":"https:\/\/domusonline.ro\/fr\/product\/scari-interioare-din-lemn-stratificat-d01\/","name":"Escaliers int\u00e9rieurs en bois stratifi\u00e9 -","isPartOf":{"@id":"https:\/\/domusonline.ro\/fr\/#website"},"datePublished":"2023-02-23T18:47:05+00:00","dateModified":"2023-06-20T00:05:36+00:00","breadcrumb":{"@id":"https:\/\/domusonline.ro\/fr\/product\/scari-interioare-din-lemn-stratificat-d01\/#breadcrumb"},"inLanguage":"ro-RO","potentialAction":[{"@type":"ReadAction","target":["https:\/\/domusonline.ro\/fr\/product\/scari-interioare-din-lemn-stratificat-d01\/"]}]},{"@type":"BreadcrumbList","@id":"https:\/\/domusonline.ro\/fr\/product\/scari-interioare-din-lemn-stratificat-d01\/#breadcrumb","itemListElement":[{"@type":"ListItem","position":1,"name":"Home","item":"https:\/\/domusonline.ro\/fr\/"},{"@type":"ListItem","position":2,"name":"Refund and Returns Policy","item":"https:\/\/domusonline.ro\/fr\/?page_id=5836"},{"@type":"ListItem","position":3,"name":"Escaliers int\u00e9rieurs en bois stratifi\u00e9"}]},{"@type":"WebSite","@id":"https:\/\/domusonline.ro\/fr\/#website","url":"https:\/\/domusonline.ro\/fr\/","name":"","description":"","potentialAction":[{"@type":"SearchAction","target":{"@type":"EntryPoint","urlTemplate":"https:\/\/domusonline.ro\/fr\/?s={search_term_string}"},"query-input":"required name=search_term_string"}],"inLanguage":"ro-RO"}]}},"_links":{"self":[{"href":"https:\/\/domusonline.ro\/fr\/wp-json\/wp\/v2\/product\/15511","targetHints":{"allow":["GET"]}}],"collection":[{"href":"https:\/\/domusonline.ro\/fr\/wp-json\/wp\/v2\/product"}],"about":[{"href":"https:\/\/domusonline.ro\/fr\/wp-json\/wp\/v2\/types\/product"}],"replies":[{"embeddable":true,"href":"https:\/\/domusonline.ro\/fr\/wp-json\/wp\/v2\/comments?post=15511"}],"wp:featuredmedia":[{"embeddable":true,"href":"https:\/\/domusonline.ro\/fr\/wp-json\/wp\/v2\/media\/15596"}],"wp:attachment":[{"href":"https:\/\/domusonline.ro\/fr\/wp-json\/wp\/v2\/media?parent=15511"}],"wp:term":[{"taxonomy":"product_cat","embeddable":true,"href":"https:\/\/domusonline.ro\/fr\/wp-json\/wp\/v2\/product_cat?post=15511"},{"taxonomy":"product_tag","embeddable":true,"href":"https:\/\/domusonline.ro\/fr\/wp-json\/wp\/v2\/product_tag?post=15511"}],"curies":[{"name":"wp","href":"https:\/\/api.w.org\/{rel}","templated":true}]}}