{"id":15508,"date":"2023-02-23T18:47:04","date_gmt":"2023-02-23T18:47:04","guid":{"rendered":"https:\/\/domusonline.ro\/fr\/?post_type=product&#038;p=15508"},"modified":"2023-06-20T00:11:38","modified_gmt":"2023-06-20T00:11:38","slug":"bucatarie-din-lemn-stratificat-d14","status":"publish","type":"product","link":"https:\/\/domusonline.ro\/fr\/product\/bucatarie-din-lemn-stratificat-d14\/","title":{"rendered":"Cuisine en bois stratifi\u00e9"},"content":{"rendered":"<p class=\"p1\">La cuisine est le c\u0153ur de votre maison et, en tant que tel, elle m\u00e9rite le mobilier parfait pour refl\u00e9ter votre personnalit\u00e9 et offrir une fonctionnalit\u00e9 optimale.<\/p>\n<p class=\"p1\">Chez DOMUS, nous avons le mobilier de cuisine en bois stratifi\u00e9 parfait pour vous !<\/p>\n<p class=\"p1\">Fabriqu\u00e9 \u00e0 partir du bois de la plus haute qualit\u00e9 et avec une attention particuli\u00e8re aux d\u00e9tails, notre mobilier de cuisine en bois stratifi\u00e9 est durable, esth\u00e9tique et fonctionnel. Chaque pi\u00e8ce de mobilier est fabriqu\u00e9e sur mesure pour s&#8217;adapter parfaitement \u00e0 votre espace et \u00e0 vos besoins.<\/p>\n<p class=\"p1\">De plus, vous b\u00e9n\u00e9ficierez d&#8217;un large \u00e9ventail d&#8217;options personnalisables, de la essence du bois (panneaux stratifi\u00e9s en m\u00e9lamin\u00e9, MDF plaqu\u00e9, bois massif) \u00e0 la finition, la couleur et le design des poign\u00e9es et accessoires. Ainsi, votre mobilier de cuisine aura l&#8217;apparence et la sensation exactes que vous d\u00e9sirez.<\/p>\n<p class=\"p1\">De plus, notre mobilier de cuisine en bois stratifi\u00e9 est con\u00e7u pour offrir des solutions de stockage et d&#8217;organisation innovantes et intelligentes, de sorte que vous puissiez garder tous vos ustensiles de cuisine et aliments bien rang\u00e9s et facilement accessibles.<\/p>\n<p class=\"p1\">Il est trait\u00e9 pour r\u00e9sister \u00e0 l&#8217;humidit\u00e9 et \u00e0 l&#8217;usure, vous permettant ainsi de profiter d&#8217;un mobilier impeccable pendant de nombreuses ann\u00e9es.<\/p>\n","protected":false},"excerpt":{"rendered":"<p>La cuisine est le c\u0153ur de votre maison et, en tant que tel, elle m\u00e9rite le mobilier parfait pour refl\u00e9ter votre personnalit\u00e9 et offrir une fonctionnalit\u00e9 optimale. Chez DOMUS, nous avons le mobilier de cuisine en bois stratifi\u00e9 parfait pour vous ! Fabriqu\u00e9 \u00e0 partir du bois de la plus haute qualit\u00e9 et avec une [&hellip;]<\/p>\n","protected":false},"featured_media":15539,"comment_status":"open","ping_status":"closed","template":"","meta":{"_joinchat":[]},"product_cat":[232],"product_tag":[],"class_list":["post-15508","product","type-product","status-publish","has-post-thumbnail","hentry","product_cat-bucatarii"],"yoast_head":"<!-- This site is optimized with the Yoast SEO plugin v19.7.2 - https:\/\/yoast.com\/wordpress\/plugins\/seo\/ -->\n<title>Cuisine en bois stratifi\u00e9 -<\/title>\n<meta name=\"robots\" content=\"index, follow, max-snippet:-1, max-image-preview:large, max-video-preview:-1\" \/>\n<link rel=\"canonical\" href=\"https:\/\/domusonline.ro\/fr\/product\/bucatarie-din-lemn-stratificat-d14\/\" \/>\n<meta property=\"og:locale\" content=\"ro_RO\" \/>\n<meta property=\"og:type\" content=\"article\" \/>\n<meta property=\"og:title\" content=\"Cuisine en bois stratifi\u00e9 -\" \/>\n<meta property=\"og:description\" content=\"La cuisine est le c\u0153ur de votre maison et, en tant que tel, elle m\u00e9rite le mobilier parfait pour refl\u00e9ter votre personnalit\u00e9 et offrir une fonctionnalit\u00e9 optimale. Chez DOMUS, nous avons le mobilier de cuisine en bois stratifi\u00e9 parfait pour vous ! Fabriqu\u00e9 \u00e0 partir du bois de la plus haute qualit\u00e9 et avec une [&hellip;]\" \/>\n<meta property=\"og:url\" content=\"https:\/\/domusonline.ro\/fr\/product\/bucatarie-din-lemn-stratificat-d14\/\" \/>\n<meta property=\"article:modified_time\" content=\"2023-06-20T00:11:38+00:00\" \/>\n<meta property=\"og:image\" content=\"https:\/\/domusonline.ro\/fr\/wp-content\/uploads\/2023\/02\/18-1.jpg\" \/>\n\t<meta property=\"og:image:width\" content=\"1365\" \/>\n\t<meta property=\"og:image:height\" content=\"1210\" \/>\n\t<meta property=\"og:image:type\" content=\"image\/jpeg\" \/>\n<meta name=\"twitter:card\" content=\"summary_large_image\" \/>\n<meta name=\"twitter:label1\" content=\"Timp estimat pentru citire\" \/>\n\t<meta name=\"twitter:data1\" content=\"2 minute\" \/>\n<script type=\"application\/ld+json\" class=\"yoast-schema-graph\">{\"@context\":\"https:\/\/schema.org\",\"@graph\":[{\"@type\":\"WebPage\",\"@id\":\"https:\/\/domusonline.ro\/fr\/product\/bucatarie-din-lemn-stratificat-d14\/\",\"url\":\"https:\/\/domusonline.ro\/fr\/product\/bucatarie-din-lemn-stratificat-d14\/\",\"name\":\"Cuisine en bois stratifi\u00e9 -\",\"isPartOf\":{\"@id\":\"https:\/\/domusonline.ro\/fr\/#website\"},\"datePublished\":\"2023-02-23T18:47:04+00:00\",\"dateModified\":\"2023-06-20T00:11:38+00:00\",\"breadcrumb\":{\"@id\":\"https:\/\/domusonline.ro\/fr\/product\/bucatarie-din-lemn-stratificat-d14\/#breadcrumb\"},\"inLanguage\":\"ro-RO\",\"potentialAction\":[{\"@type\":\"ReadAction\",\"target\":[\"https:\/\/domusonline.ro\/fr\/product\/bucatarie-din-lemn-stratificat-d14\/\"]}]},{\"@type\":\"BreadcrumbList\",\"@id\":\"https:\/\/domusonline.ro\/fr\/product\/bucatarie-din-lemn-stratificat-d14\/#breadcrumb\",\"itemListElement\":[{\"@type\":\"ListItem\",\"position\":1,\"name\":\"Home\",\"item\":\"https:\/\/domusonline.ro\/fr\/\"},{\"@type\":\"ListItem\",\"position\":2,\"name\":\"Refund and Returns Policy\",\"item\":\"https:\/\/domusonline.ro\/fr\/?page_id=5836\"},{\"@type\":\"ListItem\",\"position\":3,\"name\":\"Cuisine en bois stratifi\u00e9\"}]},{\"@type\":\"WebSite\",\"@id\":\"https:\/\/domusonline.ro\/fr\/#website\",\"url\":\"https:\/\/domusonline.ro\/fr\/\",\"name\":\"\",\"description\":\"\",\"potentialAction\":[{\"@type\":\"SearchAction\",\"target\":{\"@type\":\"EntryPoint\",\"urlTemplate\":\"https:\/\/domusonline.ro\/fr\/?s={search_term_string}\"},\"query-input\":\"required name=search_term_string\"}],\"inLanguage\":\"ro-RO\"}]}<\/script>\n<!-- \/ Yoast SEO plugin. -->","yoast_head_json":{"title":"Cuisine en bois stratifi\u00e9 -","robots":{"index":"index","follow":"follow","max-snippet":"max-snippet:-1","max-image-preview":"max-image-preview:large","max-video-preview":"max-video-preview:-1"},"canonical":"https:\/\/domusonline.ro\/fr\/product\/bucatarie-din-lemn-stratificat-d14\/","og_locale":"ro_RO","og_type":"article","og_title":"Cuisine en bois stratifi\u00e9 -","og_description":"La cuisine est le c\u0153ur de votre maison et, en tant que tel, elle m\u00e9rite le mobilier parfait pour refl\u00e9ter votre personnalit\u00e9 et offrir une fonctionnalit\u00e9 optimale. Chez DOMUS, nous avons le mobilier de cuisine en bois stratifi\u00e9 parfait pour vous ! Fabriqu\u00e9 \u00e0 partir du bois de la plus haute qualit\u00e9 et avec une [&hellip;]","og_url":"https:\/\/domusonline.ro\/fr\/product\/bucatarie-din-lemn-stratificat-d14\/","article_modified_time":"2023-06-20T00:11:38+00:00","og_image":[{"width":1365,"height":1210,"url":"https:\/\/domusonline.ro\/fr\/wp-content\/uploads\/2023\/02\/18-1.jpg","type":"image\/jpeg"}],"twitter_card":"summary_large_image","twitter_misc":{"Timp estimat pentru citire":"2 minute"},"schema":{"@context":"https:\/\/schema.org","@graph":[{"@type":"WebPage","@id":"https:\/\/domusonline.ro\/fr\/product\/bucatarie-din-lemn-stratificat-d14\/","url":"https:\/\/domusonline.ro\/fr\/product\/bucatarie-din-lemn-stratificat-d14\/","name":"Cuisine en bois stratifi\u00e9 -","isPartOf":{"@id":"https:\/\/domusonline.ro\/fr\/#website"},"datePublished":"2023-02-23T18:47:04+00:00","dateModified":"2023-06-20T00:11:38+00:00","breadcrumb":{"@id":"https:\/\/domusonline.ro\/fr\/product\/bucatarie-din-lemn-stratificat-d14\/#breadcrumb"},"inLanguage":"ro-RO","potentialAction":[{"@type":"ReadAction","target":["https:\/\/domusonline.ro\/fr\/product\/bucatarie-din-lemn-stratificat-d14\/"]}]},{"@type":"BreadcrumbList","@id":"https:\/\/domusonline.ro\/fr\/product\/bucatarie-din-lemn-stratificat-d14\/#breadcrumb","itemListElement":[{"@type":"ListItem","position":1,"name":"Home","item":"https:\/\/domusonline.ro\/fr\/"},{"@type":"ListItem","position":2,"name":"Refund and Returns Policy","item":"https:\/\/domusonline.ro\/fr\/?page_id=5836"},{"@type":"ListItem","position":3,"name":"Cuisine en bois stratifi\u00e9"}]},{"@type":"WebSite","@id":"https:\/\/domusonline.ro\/fr\/#website","url":"https:\/\/domusonline.ro\/fr\/","name":"","description":"","potentialAction":[{"@type":"SearchAction","target":{"@type":"EntryPoint","urlTemplate":"https:\/\/domusonline.ro\/fr\/?s={search_term_string}"},"query-input":"required name=search_term_string"}],"inLanguage":"ro-RO"}]}},"_links":{"self":[{"href":"https:\/\/domusonline.ro\/fr\/wp-json\/wp\/v2\/product\/15508","targetHints":{"allow":["GET"]}}],"collection":[{"href":"https:\/\/domusonline.ro\/fr\/wp-json\/wp\/v2\/product"}],"about":[{"href":"https:\/\/domusonline.ro\/fr\/wp-json\/wp\/v2\/types\/product"}],"replies":[{"embeddable":true,"href":"https:\/\/domusonline.ro\/fr\/wp-json\/wp\/v2\/comments?post=15508"}],"wp:featuredmedia":[{"embeddable":true,"href":"https:\/\/domusonline.ro\/fr\/wp-json\/wp\/v2\/media\/15539"}],"wp:attachment":[{"href":"https:\/\/domusonline.ro\/fr\/wp-json\/wp\/v2\/media?parent=15508"}],"wp:term":[{"taxonomy":"product_cat","embeddable":true,"href":"https:\/\/domusonline.ro\/fr\/wp-json\/wp\/v2\/product_cat?post=15508"},{"taxonomy":"product_tag","embeddable":true,"href":"https:\/\/domusonline.ro\/fr\/wp-json\/wp\/v2\/product_tag?post=15508"}],"curies":[{"name":"wp","href":"https:\/\/api.w.org\/{rel}","templated":true}]}}