{"id":15437,"date":"2023-02-23T17:49:23","date_gmt":"2023-02-23T17:49:23","guid":{"rendered":"https:\/\/domusonline.ro\/fr\/?post_type=product&#038;p=15437"},"modified":"2023-03-16T00:30:08","modified_gmt":"2023-03-16T00:30:08","slug":"usi-de-interior-din-lemn-stratificat-d23","status":"publish","type":"product","link":"https:\/\/domusonline.ro\/fr\/product\/usi-de-interior-din-lemn-stratificat-d23\/","title":{"rendered":"Usi de interior din lemn stratificat"},"content":{"rendered":"<p class=\"p1\">La Domus, producem u\u0219i interioare din lemn masiv, inclusiv brad, stejar, tei sau esen\u021be exotice, cum ar fi meranti \u0219i eucalipt. Acestea au o grosime de 42 mm \u0219i sunt dotate cu garnituri de etan\u0219are, captu\u0219eli \u0219i pervaze laterale \u00eembinate \u00een dinti.<\/p>\n<p class=\"p1\">Echip\u0103m u\u0219ile cu balamale reglabile, broasc\u0103 cu cheie sau yal\u0103 \u0219i maner cu sild de la Hoppe Italia sau orice alt model, la alegerea clientului.<\/p>\n<p class=\"p1\">Lacurile noastre ecologice ofer\u0103 o finisare mat\u0103 \u0219i u\u0219ile pot fi personalizate cu geam ornament sau vitralii.<\/p>\n<p>Canalul frontului de usa celulara este finisat cu canturi in culoarea usii. Usa va fi accesorizata cu trei balamale si broasca cu cheie simpla, incluse in pret. Tocul usii poate fi semirotund si reglabil prevazut cu pervaze fata-spate, reglabile.<\/p>\n","protected":false},"excerpt":{"rendered":"<p>La Domus, producem u\u0219i interioare din lemn masiv, inclusiv brad, stejar, tei sau esen\u021be exotice, cum ar fi meranti \u0219i eucalipt. Acestea au o grosime de 42 mm \u0219i sunt dotate cu garnituri de etan\u0219are, captu\u0219eli \u0219i pervaze laterale \u00eembinate \u00een dinti. Echip\u0103m u\u0219ile cu balamale reglabile, broasc\u0103 cu cheie sau yal\u0103 \u0219i maner cu [&hellip;]<\/p>\n","protected":false},"featured_media":15444,"comment_status":"open","ping_status":"closed","template":"","meta":{"_joinchat":[]},"product_cat":[231],"product_tag":[],"class_list":["post-15437","product","type-product","status-publish","has-post-thumbnail","hentry","product_cat-usi-de-interior-din-lemn-stratificat"],"yoast_head":"<!-- This site is optimized with the Yoast SEO plugin v19.7.2 - https:\/\/yoast.com\/wordpress\/plugins\/seo\/ -->\n<title>Usi de interior din lemn stratificat -<\/title>\n<meta name=\"robots\" content=\"index, follow, max-snippet:-1, max-image-preview:large, max-video-preview:-1\" \/>\n<link rel=\"canonical\" href=\"https:\/\/domusonline.ro\/fr\/product\/usi-de-interior-din-lemn-stratificat-d23\/\" \/>\n<meta property=\"og:locale\" content=\"ro_RO\" \/>\n<meta property=\"og:type\" content=\"article\" \/>\n<meta property=\"og:title\" content=\"Usi de interior din lemn stratificat -\" \/>\n<meta property=\"og:description\" content=\"La Domus, producem u\u0219i interioare din lemn masiv, inclusiv brad, stejar, tei sau esen\u021be exotice, cum ar fi meranti \u0219i eucalipt. Acestea au o grosime de 42 mm \u0219i sunt dotate cu garnituri de etan\u0219are, captu\u0219eli \u0219i pervaze laterale \u00eembinate \u00een dinti. Echip\u0103m u\u0219ile cu balamale reglabile, broasc\u0103 cu cheie sau yal\u0103 \u0219i maner cu [&hellip;]\" \/>\n<meta property=\"og:url\" content=\"https:\/\/domusonline.ro\/fr\/product\/usi-de-interior-din-lemn-stratificat-d23\/\" \/>\n<meta property=\"article:modified_time\" content=\"2023-03-16T00:30:08+00:00\" \/>\n<meta property=\"og:image\" content=\"https:\/\/domusonline.ro\/fr\/wp-content\/uploads\/2023\/02\/25.jpg\" \/>\n\t<meta property=\"og:image:width\" content=\"1365\" \/>\n\t<meta property=\"og:image:height\" content=\"1210\" \/>\n\t<meta property=\"og:image:type\" content=\"image\/jpeg\" \/>\n<meta name=\"twitter:card\" content=\"summary_large_image\" \/>\n<meta name=\"twitter:label1\" content=\"Timp estimat pentru citire\" \/>\n\t<meta name=\"twitter:data1\" content=\"1 minut\" \/>\n<script type=\"application\/ld+json\" class=\"yoast-schema-graph\">{\"@context\":\"https:\/\/schema.org\",\"@graph\":[{\"@type\":\"WebPage\",\"@id\":\"https:\/\/domusonline.ro\/fr\/product\/usi-de-interior-din-lemn-stratificat-d23\/\",\"url\":\"https:\/\/domusonline.ro\/fr\/product\/usi-de-interior-din-lemn-stratificat-d23\/\",\"name\":\"Usi de interior din lemn stratificat -\",\"isPartOf\":{\"@id\":\"https:\/\/domusonline.ro\/fr\/#website\"},\"datePublished\":\"2023-02-23T17:49:23+00:00\",\"dateModified\":\"2023-03-16T00:30:08+00:00\",\"breadcrumb\":{\"@id\":\"https:\/\/domusonline.ro\/fr\/product\/usi-de-interior-din-lemn-stratificat-d23\/#breadcrumb\"},\"inLanguage\":\"ro-RO\",\"potentialAction\":[{\"@type\":\"ReadAction\",\"target\":[\"https:\/\/domusonline.ro\/fr\/product\/usi-de-interior-din-lemn-stratificat-d23\/\"]}]},{\"@type\":\"BreadcrumbList\",\"@id\":\"https:\/\/domusonline.ro\/fr\/product\/usi-de-interior-din-lemn-stratificat-d23\/#breadcrumb\",\"itemListElement\":[{\"@type\":\"ListItem\",\"position\":1,\"name\":\"Home\",\"item\":\"https:\/\/domusonline.ro\/fr\/\"},{\"@type\":\"ListItem\",\"position\":2,\"name\":\"Refund and Returns Policy\",\"item\":\"https:\/\/domusonline.ro\/fr\/?page_id=5836\"},{\"@type\":\"ListItem\",\"position\":3,\"name\":\"Usi de interior din lemn stratificat\"}]},{\"@type\":\"WebSite\",\"@id\":\"https:\/\/domusonline.ro\/fr\/#website\",\"url\":\"https:\/\/domusonline.ro\/fr\/\",\"name\":\"\",\"description\":\"\",\"potentialAction\":[{\"@type\":\"SearchAction\",\"target\":{\"@type\":\"EntryPoint\",\"urlTemplate\":\"https:\/\/domusonline.ro\/fr\/?s={search_term_string}\"},\"query-input\":\"required name=search_term_string\"}],\"inLanguage\":\"ro-RO\"}]}<\/script>\n<!-- \/ Yoast SEO plugin. -->","yoast_head_json":{"title":"Usi de interior din lemn stratificat -","robots":{"index":"index","follow":"follow","max-snippet":"max-snippet:-1","max-image-preview":"max-image-preview:large","max-video-preview":"max-video-preview:-1"},"canonical":"https:\/\/domusonline.ro\/fr\/product\/usi-de-interior-din-lemn-stratificat-d23\/","og_locale":"ro_RO","og_type":"article","og_title":"Usi de interior din lemn stratificat -","og_description":"La Domus, producem u\u0219i interioare din lemn masiv, inclusiv brad, stejar, tei sau esen\u021be exotice, cum ar fi meranti \u0219i eucalipt. Acestea au o grosime de 42 mm \u0219i sunt dotate cu garnituri de etan\u0219are, captu\u0219eli \u0219i pervaze laterale \u00eembinate \u00een dinti. Echip\u0103m u\u0219ile cu balamale reglabile, broasc\u0103 cu cheie sau yal\u0103 \u0219i maner cu [&hellip;]","og_url":"https:\/\/domusonline.ro\/fr\/product\/usi-de-interior-din-lemn-stratificat-d23\/","article_modified_time":"2023-03-16T00:30:08+00:00","og_image":[{"width":1365,"height":1210,"url":"https:\/\/domusonline.ro\/fr\/wp-content\/uploads\/2023\/02\/25.jpg","type":"image\/jpeg"}],"twitter_card":"summary_large_image","twitter_misc":{"Timp estimat pentru citire":"1 minut"},"schema":{"@context":"https:\/\/schema.org","@graph":[{"@type":"WebPage","@id":"https:\/\/domusonline.ro\/fr\/product\/usi-de-interior-din-lemn-stratificat-d23\/","url":"https:\/\/domusonline.ro\/fr\/product\/usi-de-interior-din-lemn-stratificat-d23\/","name":"Usi de interior din lemn stratificat -","isPartOf":{"@id":"https:\/\/domusonline.ro\/fr\/#website"},"datePublished":"2023-02-23T17:49:23+00:00","dateModified":"2023-03-16T00:30:08+00:00","breadcrumb":{"@id":"https:\/\/domusonline.ro\/fr\/product\/usi-de-interior-din-lemn-stratificat-d23\/#breadcrumb"},"inLanguage":"ro-RO","potentialAction":[{"@type":"ReadAction","target":["https:\/\/domusonline.ro\/fr\/product\/usi-de-interior-din-lemn-stratificat-d23\/"]}]},{"@type":"BreadcrumbList","@id":"https:\/\/domusonline.ro\/fr\/product\/usi-de-interior-din-lemn-stratificat-d23\/#breadcrumb","itemListElement":[{"@type":"ListItem","position":1,"name":"Home","item":"https:\/\/domusonline.ro\/fr\/"},{"@type":"ListItem","position":2,"name":"Refund and Returns Policy","item":"https:\/\/domusonline.ro\/fr\/?page_id=5836"},{"@type":"ListItem","position":3,"name":"Usi de interior din lemn stratificat"}]},{"@type":"WebSite","@id":"https:\/\/domusonline.ro\/fr\/#website","url":"https:\/\/domusonline.ro\/fr\/","name":"","description":"","potentialAction":[{"@type":"SearchAction","target":{"@type":"EntryPoint","urlTemplate":"https:\/\/domusonline.ro\/fr\/?s={search_term_string}"},"query-input":"required name=search_term_string"}],"inLanguage":"ro-RO"}]}},"_links":{"self":[{"href":"https:\/\/domusonline.ro\/fr\/wp-json\/wp\/v2\/product\/15437","targetHints":{"allow":["GET"]}}],"collection":[{"href":"https:\/\/domusonline.ro\/fr\/wp-json\/wp\/v2\/product"}],"about":[{"href":"https:\/\/domusonline.ro\/fr\/wp-json\/wp\/v2\/types\/product"}],"replies":[{"embeddable":true,"href":"https:\/\/domusonline.ro\/fr\/wp-json\/wp\/v2\/comments?post=15437"}],"wp:featuredmedia":[{"embeddable":true,"href":"https:\/\/domusonline.ro\/fr\/wp-json\/wp\/v2\/media\/15444"}],"wp:attachment":[{"href":"https:\/\/domusonline.ro\/fr\/wp-json\/wp\/v2\/media?parent=15437"}],"wp:term":[{"taxonomy":"product_cat","embeddable":true,"href":"https:\/\/domusonline.ro\/fr\/wp-json\/wp\/v2\/product_cat?post=15437"},{"taxonomy":"product_tag","embeddable":true,"href":"https:\/\/domusonline.ro\/fr\/wp-json\/wp\/v2\/product_tag?post=15437"}],"curies":[{"name":"wp","href":"https:\/\/api.w.org\/{rel}","templated":true}]}}