{"id":15404,"date":"2023-02-23T17:44:59","date_gmt":"2023-02-23T17:44:59","guid":{"rendered":"https:\/\/domusonline.ro\/fr\/?post_type=product&#038;p=15404"},"modified":"2023-06-19T23:44:23","modified_gmt":"2023-06-19T23:44:23","slug":"usi-de-interior-din-lemn-stratificat-d08","status":"publish","type":"product","link":"https:\/\/domusonline.ro\/fr\/product\/usi-de-interior-din-lemn-stratificat-d08\/","title":{"rendered":"Portes int\u00e9rieures en bois lamell\u00e9"},"content":{"rendered":"<p class=\"p1\">La Domus, nous fabriquons des portes int\u00e9rieures en bois massif, y compris en sapin, en ch\u00eane, en tilleul ou en essences exotiques telles que le meranti et l&#8217;eucalyptus. Elles ont une \u00e9paisseur de 42 mm et sont \u00e9quip\u00e9es de joints d&#8217;\u00e9tanch\u00e9it\u00e9, de doublures et de seuils lat\u00e9raux \u00e0 embo\u00eetement.<\/p>\n<p class=\"p1\">Nous \u00e9quipons les portes de charni\u00e8res r\u00e9glables, d&#8217;une serrure \u00e0 cl\u00e9 ou d&#8217;une serrure \u00e0 p\u00eane dormant et d&#8217;une poign\u00e9e avec plaque de protection de chez Hoppe Italia ou tout autre mod\u00e8le, selon le choix du client.<\/p>\n<p class=\"p1\">Nos laques \u00e9cologiques offrent une finition mate et les portes peuvent \u00eatre personnalis\u00e9es avec un vitrage d\u00e9coratif ou des vitraux.<\/p>\n<p class=\"p1\">Le canal du panneau de porte est fini avec des chants assortis \u00e0 la couleur de la porte. La porte sera \u00e9quip\u00e9e de trois charni\u00e8res et d&#8217;une serrure \u00e0 cl\u00e9 simple, incluses dans le prix. Le chambranle de la porte peut \u00eatre semi-rond et r\u00e9glable, avec des seuils r\u00e9glables \u00e0 l&#8217;avant et \u00e0 l&#8217;arri\u00e8re.<\/p>\n","protected":false},"excerpt":{"rendered":"<p>La Domus, nous fabriquons des portes int\u00e9rieures en bois massif, y compris en sapin, en ch\u00eane, en tilleul ou en essences exotiques telles que le meranti et l&#8217;eucalyptus. Elles ont une \u00e9paisseur de 42 mm et sont \u00e9quip\u00e9es de joints d&#8217;\u00e9tanch\u00e9it\u00e9, de doublures et de seuils lat\u00e9raux \u00e0 embo\u00eetement. Nous \u00e9quipons les portes de charni\u00e8res [&hellip;]<\/p>\n","protected":false},"featured_media":15412,"comment_status":"open","ping_status":"closed","template":"","meta":{"_joinchat":[]},"product_cat":[231],"product_tag":[],"class_list":["post-15404","product","type-product","status-publish","has-post-thumbnail","hentry","product_cat-usi-de-interior-din-lemn-stratificat"],"yoast_head":"<!-- This site is optimized with the Yoast SEO plugin v19.7.2 - https:\/\/yoast.com\/wordpress\/plugins\/seo\/ -->\n<title>Portes int\u00e9rieures en bois lamell\u00e9 -<\/title>\n<meta name=\"robots\" content=\"index, follow, max-snippet:-1, max-image-preview:large, max-video-preview:-1\" \/>\n<link rel=\"canonical\" href=\"https:\/\/domusonline.ro\/fr\/product\/usi-de-interior-din-lemn-stratificat-d08\/\" \/>\n<meta property=\"og:locale\" content=\"ro_RO\" \/>\n<meta property=\"og:type\" content=\"article\" \/>\n<meta property=\"og:title\" content=\"Portes int\u00e9rieures en bois lamell\u00e9 -\" \/>\n<meta property=\"og:description\" content=\"La Domus, nous fabriquons des portes int\u00e9rieures en bois massif, y compris en sapin, en ch\u00eane, en tilleul ou en essences exotiques telles que le meranti et l&#8217;eucalyptus. Elles ont une \u00e9paisseur de 42 mm et sont \u00e9quip\u00e9es de joints d&#8217;\u00e9tanch\u00e9it\u00e9, de doublures et de seuils lat\u00e9raux \u00e0 embo\u00eetement. Nous \u00e9quipons les portes de charni\u00e8res [&hellip;]\" \/>\n<meta property=\"og:url\" content=\"https:\/\/domusonline.ro\/fr\/product\/usi-de-interior-din-lemn-stratificat-d08\/\" \/>\n<meta property=\"article:modified_time\" content=\"2023-06-19T23:44:23+00:00\" \/>\n<meta property=\"og:image\" content=\"https:\/\/domusonline.ro\/fr\/wp-content\/uploads\/2023\/02\/2bea313d-b2d7-4a17-a4d2-c1d0cbf41aae-4.jpg\" \/>\n\t<meta property=\"og:image:width\" content=\"1365\" \/>\n\t<meta property=\"og:image:height\" content=\"1210\" \/>\n\t<meta property=\"og:image:type\" content=\"image\/jpeg\" \/>\n<meta name=\"twitter:card\" content=\"summary_large_image\" \/>\n<meta name=\"twitter:label1\" content=\"Timp estimat pentru citire\" \/>\n\t<meta name=\"twitter:data1\" content=\"1 minut\" \/>\n<script type=\"application\/ld+json\" class=\"yoast-schema-graph\">{\"@context\":\"https:\/\/schema.org\",\"@graph\":[{\"@type\":\"WebPage\",\"@id\":\"https:\/\/domusonline.ro\/fr\/product\/usi-de-interior-din-lemn-stratificat-d08\/\",\"url\":\"https:\/\/domusonline.ro\/fr\/product\/usi-de-interior-din-lemn-stratificat-d08\/\",\"name\":\"Portes int\u00e9rieures en bois lamell\u00e9 -\",\"isPartOf\":{\"@id\":\"https:\/\/domusonline.ro\/fr\/#website\"},\"datePublished\":\"2023-02-23T17:44:59+00:00\",\"dateModified\":\"2023-06-19T23:44:23+00:00\",\"breadcrumb\":{\"@id\":\"https:\/\/domusonline.ro\/fr\/product\/usi-de-interior-din-lemn-stratificat-d08\/#breadcrumb\"},\"inLanguage\":\"ro-RO\",\"potentialAction\":[{\"@type\":\"ReadAction\",\"target\":[\"https:\/\/domusonline.ro\/fr\/product\/usi-de-interior-din-lemn-stratificat-d08\/\"]}]},{\"@type\":\"BreadcrumbList\",\"@id\":\"https:\/\/domusonline.ro\/fr\/product\/usi-de-interior-din-lemn-stratificat-d08\/#breadcrumb\",\"itemListElement\":[{\"@type\":\"ListItem\",\"position\":1,\"name\":\"Home\",\"item\":\"https:\/\/domusonline.ro\/fr\/\"},{\"@type\":\"ListItem\",\"position\":2,\"name\":\"Refund and Returns Policy\",\"item\":\"https:\/\/domusonline.ro\/fr\/?page_id=5836\"},{\"@type\":\"ListItem\",\"position\":3,\"name\":\"Portes int\u00e9rieures en bois lamell\u00e9\"}]},{\"@type\":\"WebSite\",\"@id\":\"https:\/\/domusonline.ro\/fr\/#website\",\"url\":\"https:\/\/domusonline.ro\/fr\/\",\"name\":\"\",\"description\":\"\",\"potentialAction\":[{\"@type\":\"SearchAction\",\"target\":{\"@type\":\"EntryPoint\",\"urlTemplate\":\"https:\/\/domusonline.ro\/fr\/?s={search_term_string}\"},\"query-input\":\"required name=search_term_string\"}],\"inLanguage\":\"ro-RO\"}]}<\/script>\n<!-- \/ Yoast SEO plugin. -->","yoast_head_json":{"title":"Portes int\u00e9rieures en bois lamell\u00e9 -","robots":{"index":"index","follow":"follow","max-snippet":"max-snippet:-1","max-image-preview":"max-image-preview:large","max-video-preview":"max-video-preview:-1"},"canonical":"https:\/\/domusonline.ro\/fr\/product\/usi-de-interior-din-lemn-stratificat-d08\/","og_locale":"ro_RO","og_type":"article","og_title":"Portes int\u00e9rieures en bois lamell\u00e9 -","og_description":"La Domus, nous fabriquons des portes int\u00e9rieures en bois massif, y compris en sapin, en ch\u00eane, en tilleul ou en essences exotiques telles que le meranti et l&#8217;eucalyptus. Elles ont une \u00e9paisseur de 42 mm et sont \u00e9quip\u00e9es de joints d&#8217;\u00e9tanch\u00e9it\u00e9, de doublures et de seuils lat\u00e9raux \u00e0 embo\u00eetement. Nous \u00e9quipons les portes de charni\u00e8res [&hellip;]","og_url":"https:\/\/domusonline.ro\/fr\/product\/usi-de-interior-din-lemn-stratificat-d08\/","article_modified_time":"2023-06-19T23:44:23+00:00","og_image":[{"width":1365,"height":1210,"url":"https:\/\/domusonline.ro\/fr\/wp-content\/uploads\/2023\/02\/2bea313d-b2d7-4a17-a4d2-c1d0cbf41aae-4.jpg","type":"image\/jpeg"}],"twitter_card":"summary_large_image","twitter_misc":{"Timp estimat pentru citire":"1 minut"},"schema":{"@context":"https:\/\/schema.org","@graph":[{"@type":"WebPage","@id":"https:\/\/domusonline.ro\/fr\/product\/usi-de-interior-din-lemn-stratificat-d08\/","url":"https:\/\/domusonline.ro\/fr\/product\/usi-de-interior-din-lemn-stratificat-d08\/","name":"Portes int\u00e9rieures en bois lamell\u00e9 -","isPartOf":{"@id":"https:\/\/domusonline.ro\/fr\/#website"},"datePublished":"2023-02-23T17:44:59+00:00","dateModified":"2023-06-19T23:44:23+00:00","breadcrumb":{"@id":"https:\/\/domusonline.ro\/fr\/product\/usi-de-interior-din-lemn-stratificat-d08\/#breadcrumb"},"inLanguage":"ro-RO","potentialAction":[{"@type":"ReadAction","target":["https:\/\/domusonline.ro\/fr\/product\/usi-de-interior-din-lemn-stratificat-d08\/"]}]},{"@type":"BreadcrumbList","@id":"https:\/\/domusonline.ro\/fr\/product\/usi-de-interior-din-lemn-stratificat-d08\/#breadcrumb","itemListElement":[{"@type":"ListItem","position":1,"name":"Home","item":"https:\/\/domusonline.ro\/fr\/"},{"@type":"ListItem","position":2,"name":"Refund and Returns Policy","item":"https:\/\/domusonline.ro\/fr\/?page_id=5836"},{"@type":"ListItem","position":3,"name":"Portes int\u00e9rieures en bois lamell\u00e9"}]},{"@type":"WebSite","@id":"https:\/\/domusonline.ro\/fr\/#website","url":"https:\/\/domusonline.ro\/fr\/","name":"","description":"","potentialAction":[{"@type":"SearchAction","target":{"@type":"EntryPoint","urlTemplate":"https:\/\/domusonline.ro\/fr\/?s={search_term_string}"},"query-input":"required name=search_term_string"}],"inLanguage":"ro-RO"}]}},"_links":{"self":[{"href":"https:\/\/domusonline.ro\/fr\/wp-json\/wp\/v2\/product\/15404","targetHints":{"allow":["GET"]}}],"collection":[{"href":"https:\/\/domusonline.ro\/fr\/wp-json\/wp\/v2\/product"}],"about":[{"href":"https:\/\/domusonline.ro\/fr\/wp-json\/wp\/v2\/types\/product"}],"replies":[{"embeddable":true,"href":"https:\/\/domusonline.ro\/fr\/wp-json\/wp\/v2\/comments?post=15404"}],"wp:featuredmedia":[{"embeddable":true,"href":"https:\/\/domusonline.ro\/fr\/wp-json\/wp\/v2\/media\/15412"}],"wp:attachment":[{"href":"https:\/\/domusonline.ro\/fr\/wp-json\/wp\/v2\/media?parent=15404"}],"wp:term":[{"taxonomy":"product_cat","embeddable":true,"href":"https:\/\/domusonline.ro\/fr\/wp-json\/wp\/v2\/product_cat?post=15404"},{"taxonomy":"product_tag","embeddable":true,"href":"https:\/\/domusonline.ro\/fr\/wp-json\/wp\/v2\/product_tag?post=15404"}],"curies":[{"name":"wp","href":"https:\/\/api.w.org\/{rel}","templated":true}]}}