{"id":15350,"date":"2023-02-23T16:34:57","date_gmt":"2023-02-23T16:34:57","guid":{"rendered":"https:\/\/domusonline.ro\/fr\/?post_type=product&#038;p=15350"},"modified":"2023-06-19T23:54:57","modified_gmt":"2023-06-19T23:54:57","slug":"usi-de-exterior-din-lemn-stratificat-d06","status":"publish","type":"product","link":"https:\/\/domusonline.ro\/fr\/product\/usi-de-exterior-din-lemn-stratificat-d06\/","title":{"rendered":"Portes ext\u00e9rieures en bois stratifi\u00e9"},"content":{"rendered":"<p class=\"p1\">L&#8217;\u00e9quipe DOMUS fabrique, livre et installe des fen\u00eatres en bois stratifi\u00e9 avec une attention particuli\u00e8re aux d\u00e9tails, pour une solution durable et esth\u00e9tique.<\/p>\n<p class=\"p1\"><strong>Profil\u00e9s de qualit\u00e9<\/strong><\/p>\n<p class=\"p1\">Les profil\u00e9s des fen\u00eatres en bois stratifi\u00e9 sont fabriqu\u00e9s en trois couches, utilisant des essences telles que l&#8217;\u00e9pic\u00e9a, le ch\u00eane ou des essences exotiques comme le meranti et l&#8217;eucalyptus, offrant ainsi une durabilit\u00e9 et une esth\u00e9tique sup\u00e9rieures. Ils ont une section de 68\u00d780 mm ou 78\u00d780 mm et sont dispos\u00e9s en fibre contre fibre, ce qui signifie que les tensions internes sont annul\u00e9es, r\u00e9duisant ainsi le risque de d\u00e9formation dans le temps. La stratification est r\u00e9alis\u00e9e dans des presses sp\u00e9ciales, avec des adh\u00e9sifs de classe D4, r\u00e9sistants \u00e0 l&#8217;humidit\u00e9, pour une qualit\u00e9 sup\u00e9rieure et une durabilit\u00e9 prolong\u00e9e.<\/p>\n<p class=\"p1\"><strong>Finitions haut de gamme<\/strong><\/p>\n<p class=\"p1\">Pour offrir une protection sup\u00e9rieure, nous utilisons des laques protectrices \u00e9cologiques \u00e0 base d&#8217;eau, comme celles de Sikkens des Pays-Bas ou ICA d&#8217;Italie. Ces laques offrent non seulement un aspect soyeux incroyable, mais elles sont \u00e9galement r\u00e9sistantes aux facteurs externes, notamment \u00e0 l&#8217;humidit\u00e9, aux rayons ultraviolets, ainsi qu&#8217;au gel et au d\u00e9gel r\u00e9p\u00e9t\u00e9s. Avec ces laques, vos fen\u00eatres en bois stratifi\u00e9 auront une apparence et une sensation neuves pendant de nombreuses ann\u00e9es.<\/p>\n<p class=\"p1\"><strong>Vitres avec protection phonique<\/strong><\/p>\n<p class=\"p1\">Le verre utilis\u00e9 pour les fen\u00eatres en bois stratifi\u00e9 est du type Ornament+Low-E, au format 4-16-4 mm, avec un coefficient de transmission thermique de 1,4 W\/m\u00b2K, offrant une isolation thermique et acoustique sup\u00e9rieure. Selon les pr\u00e9f\u00e9rences des clients, les fen\u00eatres peuvent \u00eatre personnalis\u00e9es avec tout autre type de verre, y compris des vitraux.<\/p>\n<p class=\"p1\"><strong>Quincaillerie haut de gamme<\/strong><\/p>\n<p class=\"p1\">Notre quincaillerie de qualit\u00e9 sup\u00e9rieure comprend une fermeture \u00e0 cinq points et des charni\u00e8res r\u00e9glables 3D, offrant s\u00e9curit\u00e9 et fonctionnalit\u00e9 \u00e0 long terme. Nous avons \u00e9quip\u00e9 chaque fen\u00eatre avec la quincaillerie ROTO DOORSAFE, un fabricant allemand renomm\u00e9 dans le monde entier. Cette quincaillerie, avec une fermeture \u00e0 cinq points et des charni\u00e8res r\u00e9glables 3D, offre une protection extr\u00eamement s\u00fbre contre les intrusions et assure un fonctionnement facile et fluide de la fen\u00eatre. De plus, nous vous offrons la possibilit\u00e9 de r\u00e9gler la fen\u00eatre selon vos besoins avec des ajustements fins ult\u00e9rieurs, vous permettant ainsi de profiter d&#8217;une fen\u00eatre fonctionnant selon les normes les plus \u00e9lev\u00e9es.<\/p>\n","protected":false},"excerpt":{"rendered":"<p>L&#8217;\u00e9quipe DOMUS fabrique, livre et installe des fen\u00eatres en bois stratifi\u00e9 avec une attention particuli\u00e8re aux d\u00e9tails, pour une solution durable et esth\u00e9tique. Profil\u00e9s de qualit\u00e9 Les profil\u00e9s des fen\u00eatres en bois stratifi\u00e9 sont fabriqu\u00e9s en trois couches, utilisant des essences telles que l&#8217;\u00e9pic\u00e9a, le ch\u00eane ou des essences exotiques comme le meranti et l&#8217;eucalyptus, [&hellip;]<\/p>\n","protected":false},"featured_media":15351,"comment_status":"open","ping_status":"closed","template":"","meta":{"_joinchat":[]},"product_cat":[230],"product_tag":[],"class_list":["post-15350","product","type-product","status-publish","has-post-thumbnail","hentry","product_cat-usi-din-lemn-stratificat"],"yoast_head":"<!-- This site is optimized with the Yoast SEO plugin v19.7.2 - https:\/\/yoast.com\/wordpress\/plugins\/seo\/ -->\n<title>Portes ext\u00e9rieures en bois stratifi\u00e9 -<\/title>\n<meta name=\"robots\" content=\"index, follow, max-snippet:-1, max-image-preview:large, max-video-preview:-1\" \/>\n<link rel=\"canonical\" href=\"https:\/\/domusonline.ro\/fr\/product\/usi-de-exterior-din-lemn-stratificat-d06\/\" \/>\n<meta property=\"og:locale\" content=\"ro_RO\" \/>\n<meta property=\"og:type\" content=\"article\" \/>\n<meta property=\"og:title\" content=\"Portes ext\u00e9rieures en bois stratifi\u00e9 -\" \/>\n<meta property=\"og:description\" content=\"L&#8217;\u00e9quipe DOMUS fabrique, livre et installe des fen\u00eatres en bois stratifi\u00e9 avec une attention particuli\u00e8re aux d\u00e9tails, pour une solution durable et esth\u00e9tique. Profil\u00e9s de qualit\u00e9 Les profil\u00e9s des fen\u00eatres en bois stratifi\u00e9 sont fabriqu\u00e9s en trois couches, utilisant des essences telles que l&#8217;\u00e9pic\u00e9a, le ch\u00eane ou des essences exotiques comme le meranti et l&#8217;eucalyptus, [&hellip;]\" \/>\n<meta property=\"og:url\" content=\"https:\/\/domusonline.ro\/fr\/product\/usi-de-exterior-din-lemn-stratificat-d06\/\" \/>\n<meta property=\"article:modified_time\" content=\"2023-06-19T23:54:57+00:00\" \/>\n<meta property=\"og:image\" content=\"https:\/\/domusonline.ro\/fr\/wp-content\/uploads\/2023\/02\/d3-1.jpg\" \/>\n\t<meta property=\"og:image:width\" content=\"1365\" \/>\n\t<meta property=\"og:image:height\" content=\"1210\" \/>\n\t<meta property=\"og:image:type\" content=\"image\/jpeg\" \/>\n<meta name=\"twitter:card\" content=\"summary_large_image\" \/>\n<meta name=\"twitter:label1\" content=\"Timp estimat pentru citire\" \/>\n\t<meta name=\"twitter:data1\" content=\"2 minute\" \/>\n<script type=\"application\/ld+json\" class=\"yoast-schema-graph\">{\"@context\":\"https:\/\/schema.org\",\"@graph\":[{\"@type\":\"WebPage\",\"@id\":\"https:\/\/domusonline.ro\/fr\/product\/usi-de-exterior-din-lemn-stratificat-d06\/\",\"url\":\"https:\/\/domusonline.ro\/fr\/product\/usi-de-exterior-din-lemn-stratificat-d06\/\",\"name\":\"Portes ext\u00e9rieures en bois stratifi\u00e9 -\",\"isPartOf\":{\"@id\":\"https:\/\/domusonline.ro\/fr\/#website\"},\"datePublished\":\"2023-02-23T16:34:57+00:00\",\"dateModified\":\"2023-06-19T23:54:57+00:00\",\"breadcrumb\":{\"@id\":\"https:\/\/domusonline.ro\/fr\/product\/usi-de-exterior-din-lemn-stratificat-d06\/#breadcrumb\"},\"inLanguage\":\"ro-RO\",\"potentialAction\":[{\"@type\":\"ReadAction\",\"target\":[\"https:\/\/domusonline.ro\/fr\/product\/usi-de-exterior-din-lemn-stratificat-d06\/\"]}]},{\"@type\":\"BreadcrumbList\",\"@id\":\"https:\/\/domusonline.ro\/fr\/product\/usi-de-exterior-din-lemn-stratificat-d06\/#breadcrumb\",\"itemListElement\":[{\"@type\":\"ListItem\",\"position\":1,\"name\":\"Home\",\"item\":\"https:\/\/domusonline.ro\/fr\/\"},{\"@type\":\"ListItem\",\"position\":2,\"name\":\"Refund and Returns Policy\",\"item\":\"https:\/\/domusonline.ro\/fr\/?page_id=5836\"},{\"@type\":\"ListItem\",\"position\":3,\"name\":\"Portes ext\u00e9rieures en bois stratifi\u00e9\"}]},{\"@type\":\"WebSite\",\"@id\":\"https:\/\/domusonline.ro\/fr\/#website\",\"url\":\"https:\/\/domusonline.ro\/fr\/\",\"name\":\"\",\"description\":\"\",\"potentialAction\":[{\"@type\":\"SearchAction\",\"target\":{\"@type\":\"EntryPoint\",\"urlTemplate\":\"https:\/\/domusonline.ro\/fr\/?s={search_term_string}\"},\"query-input\":\"required name=search_term_string\"}],\"inLanguage\":\"ro-RO\"}]}<\/script>\n<!-- \/ Yoast SEO plugin. -->","yoast_head_json":{"title":"Portes ext\u00e9rieures en bois stratifi\u00e9 -","robots":{"index":"index","follow":"follow","max-snippet":"max-snippet:-1","max-image-preview":"max-image-preview:large","max-video-preview":"max-video-preview:-1"},"canonical":"https:\/\/domusonline.ro\/fr\/product\/usi-de-exterior-din-lemn-stratificat-d06\/","og_locale":"ro_RO","og_type":"article","og_title":"Portes ext\u00e9rieures en bois stratifi\u00e9 -","og_description":"L&#8217;\u00e9quipe DOMUS fabrique, livre et installe des fen\u00eatres en bois stratifi\u00e9 avec une attention particuli\u00e8re aux d\u00e9tails, pour une solution durable et esth\u00e9tique. Profil\u00e9s de qualit\u00e9 Les profil\u00e9s des fen\u00eatres en bois stratifi\u00e9 sont fabriqu\u00e9s en trois couches, utilisant des essences telles que l&#8217;\u00e9pic\u00e9a, le ch\u00eane ou des essences exotiques comme le meranti et l&#8217;eucalyptus, [&hellip;]","og_url":"https:\/\/domusonline.ro\/fr\/product\/usi-de-exterior-din-lemn-stratificat-d06\/","article_modified_time":"2023-06-19T23:54:57+00:00","og_image":[{"width":1365,"height":1210,"url":"https:\/\/domusonline.ro\/fr\/wp-content\/uploads\/2023\/02\/d3-1.jpg","type":"image\/jpeg"}],"twitter_card":"summary_large_image","twitter_misc":{"Timp estimat pentru citire":"2 minute"},"schema":{"@context":"https:\/\/schema.org","@graph":[{"@type":"WebPage","@id":"https:\/\/domusonline.ro\/fr\/product\/usi-de-exterior-din-lemn-stratificat-d06\/","url":"https:\/\/domusonline.ro\/fr\/product\/usi-de-exterior-din-lemn-stratificat-d06\/","name":"Portes ext\u00e9rieures en bois stratifi\u00e9 -","isPartOf":{"@id":"https:\/\/domusonline.ro\/fr\/#website"},"datePublished":"2023-02-23T16:34:57+00:00","dateModified":"2023-06-19T23:54:57+00:00","breadcrumb":{"@id":"https:\/\/domusonline.ro\/fr\/product\/usi-de-exterior-din-lemn-stratificat-d06\/#breadcrumb"},"inLanguage":"ro-RO","potentialAction":[{"@type":"ReadAction","target":["https:\/\/domusonline.ro\/fr\/product\/usi-de-exterior-din-lemn-stratificat-d06\/"]}]},{"@type":"BreadcrumbList","@id":"https:\/\/domusonline.ro\/fr\/product\/usi-de-exterior-din-lemn-stratificat-d06\/#breadcrumb","itemListElement":[{"@type":"ListItem","position":1,"name":"Home","item":"https:\/\/domusonline.ro\/fr\/"},{"@type":"ListItem","position":2,"name":"Refund and Returns Policy","item":"https:\/\/domusonline.ro\/fr\/?page_id=5836"},{"@type":"ListItem","position":3,"name":"Portes ext\u00e9rieures en bois stratifi\u00e9"}]},{"@type":"WebSite","@id":"https:\/\/domusonline.ro\/fr\/#website","url":"https:\/\/domusonline.ro\/fr\/","name":"","description":"","potentialAction":[{"@type":"SearchAction","target":{"@type":"EntryPoint","urlTemplate":"https:\/\/domusonline.ro\/fr\/?s={search_term_string}"},"query-input":"required name=search_term_string"}],"inLanguage":"ro-RO"}]}},"_links":{"self":[{"href":"https:\/\/domusonline.ro\/fr\/wp-json\/wp\/v2\/product\/15350","targetHints":{"allow":["GET"]}}],"collection":[{"href":"https:\/\/domusonline.ro\/fr\/wp-json\/wp\/v2\/product"}],"about":[{"href":"https:\/\/domusonline.ro\/fr\/wp-json\/wp\/v2\/types\/product"}],"replies":[{"embeddable":true,"href":"https:\/\/domusonline.ro\/fr\/wp-json\/wp\/v2\/comments?post=15350"}],"wp:featuredmedia":[{"embeddable":true,"href":"https:\/\/domusonline.ro\/fr\/wp-json\/wp\/v2\/media\/15351"}],"wp:attachment":[{"href":"https:\/\/domusonline.ro\/fr\/wp-json\/wp\/v2\/media?parent=15350"}],"wp:term":[{"taxonomy":"product_cat","embeddable":true,"href":"https:\/\/domusonline.ro\/fr\/wp-json\/wp\/v2\/product_cat?post=15350"},{"taxonomy":"product_tag","embeddable":true,"href":"https:\/\/domusonline.ro\/fr\/wp-json\/wp\/v2\/product_tag?post=15350"}],"curies":[{"name":"wp","href":"https:\/\/api.w.org\/{rel}","templated":true}]}}