{"id":16064,"date":"2023-02-24T18:35:40","date_gmt":"2023-02-24T18:35:40","guid":{"rendered":"https:\/\/domusonline.ro\/fr\/?page_id=16064"},"modified":"2023-06-19T22:19:48","modified_gmt":"2023-06-19T22:19:48","slug":"faq","status":"publish","type":"page","link":"https:\/\/domusonline.ro\/fr\/faq\/","title":{"rendered":"Questions fr\u00e9quentes"},"content":{"rendered":"\t\t<div data-elementor-type=\"wp-post\" data-elementor-id=\"16064\" class=\"elementor elementor-16064\">\n\t\t\t\t\t\t\t\t\t<section class=\"elementor-section elementor-top-section elementor-element elementor-element-065e079 elementor-section-boxed elementor-section-height-default elementor-section-height-default\" data-id=\"065e079\" data-element_type=\"section\" data-settings=\"{&quot;background_background&quot;:&quot;classic&quot;}\">\n\t\t\t\t\t\t<div class=\"elementor-container elementor-column-gap-default\">\n\t\t\t\t\t<div class=\"elementor-column elementor-col-100 elementor-top-column elementor-element elementor-element-d71ef75\" data-id=\"d71ef75\" data-element_type=\"column\">\n\t\t\t<div class=\"elementor-widget-wrap elementor-element-populated\">\n\t\t\t\t\t\t\t\t<div class=\"elementor-element elementor-element-a9351af elementor-widget elementor-widget-theme-post-title elementor-page-title elementor-widget-heading\" data-id=\"a9351af\" data-element_type=\"widget\" data-widget_type=\"theme-post-title.default\">\n\t\t\t\t<div class=\"elementor-widget-container\">\n\t\t\t<style>\/*! elementor - v3.10.2 - 29-01-2023 *\/\n.elementor-heading-title{padding:0;margin:0;line-height:1}.elementor-widget-heading .elementor-heading-title[class*=elementor-size-]>a{color:inherit;font-size:inherit;line-height:inherit}.elementor-widget-heading .elementor-heading-title.elementor-size-small{font-size:15px}.elementor-widget-heading .elementor-heading-title.elementor-size-medium{font-size:19px}.elementor-widget-heading .elementor-heading-title.elementor-size-large{font-size:29px}.elementor-widget-heading .elementor-heading-title.elementor-size-xl{font-size:39px}.elementor-widget-heading .elementor-heading-title.elementor-size-xxl{font-size:59px}<\/style><h1 class=\"elementor-heading-title elementor-size-default\">Questions fr\u00e9quentes<\/h1>\t\t<\/div>\n\t\t\t\t<\/div>\n\t\t\t\t<div class=\"elementor-element elementor-element-0f72b6e elementor-widget elementor-widget-text-editor\" data-id=\"0f72b6e\" data-element_type=\"widget\" data-widget_type=\"text-editor.default\">\n\t\t\t\t<div class=\"elementor-widget-container\">\n\t\t\t<style>\/*! elementor - v3.10.2 - 29-01-2023 *\/\n.elementor-widget-text-editor.elementor-drop-cap-view-stacked .elementor-drop-cap{background-color:#818a91;color:#fff}.elementor-widget-text-editor.elementor-drop-cap-view-framed .elementor-drop-cap{color:#818a91;border:3px solid;background-color:transparent}.elementor-widget-text-editor:not(.elementor-drop-cap-view-default) .elementor-drop-cap{margin-top:8px}.elementor-widget-text-editor:not(.elementor-drop-cap-view-default) .elementor-drop-cap-letter{width:1em;height:1em}.elementor-widget-text-editor .elementor-drop-cap{float:left;text-align:center;line-height:1;font-size:50px}.elementor-widget-text-editor .elementor-drop-cap-letter{display:inline-block}<\/style>\t\t\t\t<p style=\"text-align: center;\">Vous b\u00e9n\u00e9ficierez du savoir-faire d&#8217;une \u00e9quipe impliqu\u00e9e dans plus de 10 000 projets de mobilier r\u00e9alis\u00e9s avec succ\u00e8s.<\/p>\t\t\t\t\t\t<\/div>\n\t\t\t\t<\/div>\n\t\t\t\t\t<\/div>\n\t\t<\/div>\n\t\t\t\t\t\t\t<\/div>\n\t\t<\/section>\n\t\t\t\t<section class=\"elementor-section elementor-top-section elementor-element elementor-element-da51934 elementor-hidden-tablet elementor-hidden-mobile elementor-section-boxed elementor-section-height-default elementor-section-height-default\" data-id=\"da51934\" data-element_type=\"section\">\n\t\t\t\t\t\t<div class=\"elementor-container elementor-column-gap-default\">\n\t\t\t\t\t<div class=\"elementor-column elementor-col-33 elementor-top-column elementor-element elementor-element-7683b56\" data-id=\"7683b56\" data-element_type=\"column\">\n\t\t\t<div class=\"elementor-widget-wrap\">\n\t\t\t\t\t\t\t\t\t<\/div>\n\t\t<\/div>\n\t\t\t\t<div class=\"elementor-column elementor-col-33 elementor-top-column elementor-element elementor-element-4f2179c\" data-id=\"4f2179c\" data-element_type=\"column\" data-settings=\"{&quot;background_background&quot;:&quot;classic&quot;}\">\n\t\t\t<div class=\"elementor-widget-wrap elementor-element-populated\">\n\t\t\t\t\t\t\t\t<div class=\"elementor-element elementor-element-40bfa4f elementor-view-default elementor-widget elementor-widget-icon\" data-id=\"40bfa4f\" data-element_type=\"widget\" data-widget_type=\"icon.default\">\n\t\t\t\t<div class=\"elementor-widget-container\">\n\t\t\t\t\t<div class=\"elementor-icon-wrapper\">\n\t\t\t<div class=\"elementor-icon\">\n\t\t\t<i aria-hidden=\"true\" class=\"fas fa-arrow-down\"><\/i>\t\t\t<\/div>\n\t\t<\/div>\n\t\t\t\t<\/div>\n\t\t\t\t<\/div>\n\t\t\t\t\t<\/div>\n\t\t<\/div>\n\t\t\t\t<div class=\"elementor-column elementor-col-33 elementor-top-column elementor-element elementor-element-e3c229d\" data-id=\"e3c229d\" data-element_type=\"column\">\n\t\t\t<div class=\"elementor-widget-wrap\">\n\t\t\t\t\t\t\t\t\t<\/div>\n\t\t<\/div>\n\t\t\t\t\t\t\t<\/div>\n\t\t<\/section>\n\t\t\t\t<section class=\"elementor-section elementor-top-section elementor-element elementor-element-5ea9c54 elementor-section-boxed elementor-section-height-default elementor-section-height-default\" data-id=\"5ea9c54\" data-element_type=\"section\" data-settings=\"{&quot;background_background&quot;:&quot;classic&quot;}\">\n\t\t\t\t\t\t<div class=\"elementor-container elementor-column-gap-default\">\n\t\t\t\t\t<div class=\"elementor-column elementor-col-100 elementor-top-column elementor-element elementor-element-858e2ee\" data-id=\"858e2ee\" data-element_type=\"column\">\n\t\t\t<div class=\"elementor-widget-wrap elementor-element-populated\">\n\t\t\t\t\t\t\t\t<section class=\"elementor-section elementor-inner-section elementor-element elementor-element-1828472 elementor-section-boxed elementor-section-height-default elementor-section-height-default\" data-id=\"1828472\" data-element_type=\"section\" data-settings=\"{&quot;background_background&quot;:&quot;classic&quot;,&quot;animation&quot;:&quot;none&quot;}\">\n\t\t\t\t\t\t<div class=\"elementor-container elementor-column-gap-default\">\n\t\t\t\t\t<div class=\"elementor-column elementor-col-100 elementor-inner-column elementor-element elementor-element-feb1110\" data-id=\"feb1110\" data-element_type=\"column\">\n\t\t\t<div class=\"elementor-widget-wrap elementor-element-populated\">\n\t\t\t\t\t\t\t\t<div class=\"elementor-element elementor-element-ccbcfc5 elementor-widget elementor-widget-toggle\" data-id=\"ccbcfc5\" data-element_type=\"widget\" data-widget_type=\"toggle.default\">\n\t\t\t\t<div class=\"elementor-widget-container\">\n\t\t\t<style>\/*! elementor - v3.10.2 - 29-01-2023 *\/\n.elementor-toggle{text-align:left}.elementor-toggle .elementor-tab-title{font-weight:700;line-height:1;margin:0;padding:15px;border-bottom:1px solid #d4d4d4;cursor:pointer;outline:none}.elementor-toggle .elementor-tab-title .elementor-toggle-icon{display:inline-block;width:1em}.elementor-toggle .elementor-tab-title .elementor-toggle-icon svg{-webkit-margin-start:-5px;margin-inline-start:-5px;width:1em;height:1em}.elementor-toggle .elementor-tab-title .elementor-toggle-icon.elementor-toggle-icon-right{float:right;text-align:right}.elementor-toggle .elementor-tab-title .elementor-toggle-icon.elementor-toggle-icon-left{float:left;text-align:left}.elementor-toggle .elementor-tab-title .elementor-toggle-icon .elementor-toggle-icon-closed{display:block}.elementor-toggle .elementor-tab-title .elementor-toggle-icon .elementor-toggle-icon-opened{display:none}.elementor-toggle .elementor-tab-title.elementor-active{border-bottom:none}.elementor-toggle .elementor-tab-title.elementor-active .elementor-toggle-icon-closed{display:none}.elementor-toggle .elementor-tab-title.elementor-active .elementor-toggle-icon-opened{display:block}.elementor-toggle .elementor-tab-content{padding:15px;border-bottom:1px solid #d4d4d4;display:none}@media (max-width:767px){.elementor-toggle .elementor-tab-title{padding:12px}.elementor-toggle .elementor-tab-content{padding:12px 10px}}.e-con-inner>.elementor-widget-toggle,.e-con>.elementor-widget-toggle{width:var(--container-widget-width);--flex-grow:var(--container-widget-flex-grow)}<\/style>\t\t<div class=\"elementor-toggle\" role=\"tablist\">\n\t\t\t\t\t\t\t<div class=\"elementor-toggle-item\">\n\t\t\t\t\t<div id=\"elementor-tab-title-2141\" class=\"elementor-tab-title\" data-tab=\"1\" role=\"tab\" aria-controls=\"elementor-tab-content-2141\" aria-expanded=\"false\">\n\t\t\t\t\t\t\t\t\t\t\t\t<span class=\"elementor-toggle-icon elementor-toggle-icon-right\" aria-hidden=\"true\">\n\t\t\t\t\t\t\t\t\t\t\t\t\t\t\t<span class=\"elementor-toggle-icon-closed\"><i class=\"fas fa-plus\"><\/i><\/span>\n\t\t\t\t\t\t\t\t<span class=\"elementor-toggle-icon-opened\"><i class=\"elementor-toggle-icon-opened fas fa-minus\"><\/i><\/span>\n\t\t\t\t\t\t\t\t\t\t\t\t\t<\/span>\n\t\t\t\t\t\t\t\t\t\t\t\t<a href=\"\" class=\"elementor-toggle-title\">\u00cates-vous un fabricant direct ?<\/a>\n\t\t\t\t\t<\/div>\n\n\t\t\t\t\t<div id=\"elementor-tab-content-2141\" class=\"elementor-tab-content elementor-clearfix\" data-tab=\"1\" role=\"tabpanel\" aria-labelledby=\"elementor-tab-title-2141\"><p class=\"p1\">Oui, nous sommes un fabricant direct, mais nous sommes bien plus que cela. Nous sommes une \u00e9quipe d\u00e9di\u00e9e d&#8217;artistes et d&#8217;artisans qui cr\u00e9ent des meubles et des accessoires de haute qualit\u00e9 pour offrir un style unique et personnalis\u00e9 \u00e0 votre maison.<\/p><p class=\"p1\">Chaque pi\u00e8ce est fabriqu\u00e9e avec soin dans les moindres d\u00e9tails, afin de vous garantir des produits durables et de haute qualit\u00e9 qui raviront votre c\u0153ur et votre maison pendant de nombreuses ann\u00e9es.<\/p><\/div>\n\t\t\t\t<\/div>\n\t\t\t\t\t\t\t<div class=\"elementor-toggle-item\">\n\t\t\t\t\t<div id=\"elementor-tab-title-2142\" class=\"elementor-tab-title\" data-tab=\"2\" role=\"tab\" aria-controls=\"elementor-tab-content-2142\" aria-expanded=\"false\">\n\t\t\t\t\t\t\t\t\t\t\t\t<span class=\"elementor-toggle-icon elementor-toggle-icon-right\" aria-hidden=\"true\">\n\t\t\t\t\t\t\t\t\t\t\t\t\t\t\t<span class=\"elementor-toggle-icon-closed\"><i class=\"fas fa-plus\"><\/i><\/span>\n\t\t\t\t\t\t\t\t<span class=\"elementor-toggle-icon-opened\"><i class=\"elementor-toggle-icon-opened fas fa-minus\"><\/i><\/span>\n\t\t\t\t\t\t\t\t\t\t\t\t\t<\/span>\n\t\t\t\t\t\t\t\t\t\t\t\t<a href=\"\" class=\"elementor-toggle-title\">Pouvez-vous assurer la livraison et l'installation des meubles ?<\/a>\n\t\t\t\t\t<\/div>\n\n\t\t\t\t\t<div id=\"elementor-tab-content-2142\" class=\"elementor-tab-content elementor-clearfix\" data-tab=\"2\" role=\"tabpanel\" aria-labelledby=\"elementor-tab-title-2142\"><p class=\"p1\">Oui, nous pouvons assurer \u00e0 la fois la livraison et l&#8217;installation des meubles chez vous. Nous comprenons qu&#8217;il est important que tout le processus d&#8217;am\u00e9nagement de votre maison soit aussi simple et sans stress que possible pour vous, c&#8217;est pourquoi nous nous assurons que la livraison et l&#8217;installation sont effectu\u00e9es par des experts qualifi\u00e9s. Notre \u00e9quipe de professionnels veillera \u00e0 ce que chaque pi\u00e8ce de mobilier soit livr\u00e9e en toute s\u00e9curit\u00e9 et install\u00e9e correctement et efficacement. Ainsi, vous pourrez profiter de votre nouvelle maison sans soucis.<\/p><\/div>\n\t\t\t\t<\/div>\n\t\t\t\t\t\t\t<div class=\"elementor-toggle-item\">\n\t\t\t\t\t<div id=\"elementor-tab-title-2143\" class=\"elementor-tab-title\" data-tab=\"3\" role=\"tab\" aria-controls=\"elementor-tab-content-2143\" aria-expanded=\"false\">\n\t\t\t\t\t\t\t\t\t\t\t\t<span class=\"elementor-toggle-icon elementor-toggle-icon-right\" aria-hidden=\"true\">\n\t\t\t\t\t\t\t\t\t\t\t\t\t\t\t<span class=\"elementor-toggle-icon-closed\"><i class=\"fas fa-plus\"><\/i><\/span>\n\t\t\t\t\t\t\t\t<span class=\"elementor-toggle-icon-opened\"><i class=\"elementor-toggle-icon-opened fas fa-minus\"><\/i><\/span>\n\t\t\t\t\t\t\t\t\t\t\t\t\t<\/span>\n\t\t\t\t\t\t\t\t\t\t\t\t<a href=\"\" class=\"elementor-toggle-title\">Pouvez-vous effectuer une livraison rapide partout en Roumanie ?<\/a>\n\t\t\t\t\t<\/div>\n\n\t\t\t\t\t<div id=\"elementor-tab-content-2143\" class=\"elementor-tab-content elementor-clearfix\" data-tab=\"3\" role=\"tabpanel\" aria-labelledby=\"elementor-tab-title-2143\"><p>Oui, nous pouvons assurer une livraison rapide des meubles partout en Roumanie. Nous souhaitons que nos produits vous parviennent le plus rapidement possible et dans les meilleures conditions. Avant de passer commande, nous vous informerons sur les d\u00e9lais de livraison et ferons tout notre possible pour garantir que vos meubles arrivent en temps voulu et en parfait \u00e9tat.<\/p><\/div>\n\t\t\t\t<\/div>\n\t\t\t\t\t\t\t<div class=\"elementor-toggle-item\">\n\t\t\t\t\t<div id=\"elementor-tab-title-2144\" class=\"elementor-tab-title\" data-tab=\"4\" role=\"tab\" aria-controls=\"elementor-tab-content-2144\" aria-expanded=\"false\">\n\t\t\t\t\t\t\t\t\t\t\t\t<span class=\"elementor-toggle-icon elementor-toggle-icon-right\" aria-hidden=\"true\">\n\t\t\t\t\t\t\t\t\t\t\t\t\t\t\t<span class=\"elementor-toggle-icon-closed\"><i class=\"fas fa-plus\"><\/i><\/span>\n\t\t\t\t\t\t\t\t<span class=\"elementor-toggle-icon-opened\"><i class=\"elementor-toggle-icon-opened fas fa-minus\"><\/i><\/span>\n\t\t\t\t\t\t\t\t\t\t\t\t\t<\/span>\n\t\t\t\t\t\t\t\t\t\t\t\t<a href=\"\" class=\"elementor-toggle-title\">Je souhaite du mobilier pour un projet personnalis\u00e9 ; pouvons-nous travailler ensemble ?<\/a>\n\t\t\t\t\t<\/div>\n\n\t\t\t\t\t<div id=\"elementor-tab-content-2144\" class=\"elementor-tab-content elementor-clearfix\" data-tab=\"4\" role=\"tabpanel\" aria-labelledby=\"elementor-tab-title-2144\"><p class=\"p1\">Absolument ! Nous sommes sp\u00e9cialis\u00e9s dans la fabrication de meubles personnalis\u00e9s pour r\u00e9pondre aux besoins et aux pr\u00e9f\u00e9rences uniques de nos clients. Que ce soit pour un projet personnel ou commercial, nous pouvons cr\u00e9er des meubles sur mesure qui correspondent \u00e0 votre style et \u00e0 vos exigences.<\/p><p class=\"p1\">De la conception initiale \u00e0 la fabrication et \u00e0 la livraison, notre \u00e9quipe d&#8217;experts travaille en \u00e9troite collaboration avec vous pour cr\u00e9er le mobilier parfait pour votre projet. De plus, nous souhaitons vous offrir une exp\u00e9rience d&#8217;achat sans stress, afin que vous puissiez profiter pleinement de votre projet personnalis\u00e9.<\/p><p class=\"p1\">Contactez-nous et nous serons ravis de discuter davantage de votre projet de mobilier personnalis\u00e9.<\/p><\/div>\n\t\t\t\t<\/div>\n\t\t\t\t\t\t\t\t<\/div>\n\t\t\t\t<\/div>\n\t\t\t\t<\/div>\n\t\t\t\t\t<\/div>\n\t\t<\/div>\n\t\t\t\t\t\t\t<\/div>\n\t\t<\/section>\n\t\t\t\t\t<\/div>\n\t\t<\/div>\n\t\t\t\t\t\t\t<\/div>\n\t\t<\/section>\n\t\t\t\t\t\t\t<\/div>\n\t\t","protected":false},"excerpt":{"rendered":"<p>Vous b\u00e9n\u00e9ficierez du savoir-faire d&#8217;une \u00e9quipe impliqu\u00e9e dans plus de 10 000 projets de mobilier r\u00e9alis\u00e9s avec succ\u00e8s. \u00cates-vous un fabricant direct ? Oui, nous sommes un fabricant direct, mais nous sommes bien plus que cela. Nous sommes une \u00e9quipe d\u00e9di\u00e9e d\u2019artistes et d\u2019artisans qui cr\u00e9ent des meubles et des accessoires de haute qualit\u00e9 pour [&hellip;]<\/p>\n","protected":false},"author":1,"featured_media":0,"parent":0,"menu_order":0,"comment_status":"closed","ping_status":"closed","template":"elementor_header_footer","meta":{"_joinchat":[],"footnotes":""},"class_list":["post-16064","page","type-page","status-publish","hentry"],"yoast_head":"<!-- This site is optimized with the Yoast SEO plugin v19.7.2 - https:\/\/yoast.com\/wordpress\/plugins\/seo\/ -->\n<title>Questions fr\u00e9quentes -<\/title>\n<meta name=\"robots\" content=\"index, follow, max-snippet:-1, max-image-preview:large, max-video-preview:-1\" \/>\n<link rel=\"canonical\" href=\"https:\/\/domusonline.ro\/fr\/faq\/\" \/>\n<meta property=\"og:locale\" content=\"ro_RO\" \/>\n<meta property=\"og:type\" content=\"article\" \/>\n<meta property=\"og:title\" content=\"Questions fr\u00e9quentes -\" \/>\n<meta property=\"og:description\" content=\"Vous b\u00e9n\u00e9ficierez du savoir-faire d&#8217;une \u00e9quipe impliqu\u00e9e dans plus de 10 000 projets de mobilier r\u00e9alis\u00e9s avec succ\u00e8s. \u00cates-vous un fabricant direct ? Oui, nous sommes un fabricant direct, mais nous sommes bien plus que cela. Nous sommes une \u00e9quipe d\u00e9di\u00e9e d\u2019artistes et d\u2019artisans qui cr\u00e9ent des meubles et des accessoires de haute qualit\u00e9 pour [&hellip;]\" \/>\n<meta property=\"og:url\" content=\"https:\/\/domusonline.ro\/fr\/faq\/\" \/>\n<meta property=\"article:modified_time\" content=\"2023-06-19T22:19:48+00:00\" \/>\n<meta name=\"twitter:card\" content=\"summary_large_image\" \/>\n<meta name=\"twitter:label1\" content=\"Timp estimat pentru citire\" \/>\n\t<meta name=\"twitter:data1\" content=\"4 minute\" \/>\n<script type=\"application\/ld+json\" class=\"yoast-schema-graph\">{\"@context\":\"https:\/\/schema.org\",\"@graph\":[{\"@type\":\"WebPage\",\"@id\":\"https:\/\/domusonline.ro\/fr\/faq\/\",\"url\":\"https:\/\/domusonline.ro\/fr\/faq\/\",\"name\":\"Questions fr\u00e9quentes -\",\"isPartOf\":{\"@id\":\"https:\/\/domusonline.ro\/fr\/#website\"},\"datePublished\":\"2023-02-24T18:35:40+00:00\",\"dateModified\":\"2023-06-19T22:19:48+00:00\",\"breadcrumb\":{\"@id\":\"https:\/\/domusonline.ro\/fr\/faq\/#breadcrumb\"},\"inLanguage\":\"ro-RO\",\"potentialAction\":[{\"@type\":\"ReadAction\",\"target\":[\"https:\/\/domusonline.ro\/fr\/faq\/\"]}]},{\"@type\":\"BreadcrumbList\",\"@id\":\"https:\/\/domusonline.ro\/fr\/faq\/#breadcrumb\",\"itemListElement\":[{\"@type\":\"ListItem\",\"position\":1,\"name\":\"Home\",\"item\":\"https:\/\/domusonline.ro\/fr\/\"},{\"@type\":\"ListItem\",\"position\":2,\"name\":\"Questions fr\u00e9quentes\"}]},{\"@type\":\"WebSite\",\"@id\":\"https:\/\/domusonline.ro\/fr\/#website\",\"url\":\"https:\/\/domusonline.ro\/fr\/\",\"name\":\"\",\"description\":\"\",\"potentialAction\":[{\"@type\":\"SearchAction\",\"target\":{\"@type\":\"EntryPoint\",\"urlTemplate\":\"https:\/\/domusonline.ro\/fr\/?s={search_term_string}\"},\"query-input\":\"required name=search_term_string\"}],\"inLanguage\":\"ro-RO\"}]}<\/script>\n<!-- \/ Yoast SEO plugin. -->","yoast_head_json":{"title":"Questions fr\u00e9quentes -","robots":{"index":"index","follow":"follow","max-snippet":"max-snippet:-1","max-image-preview":"max-image-preview:large","max-video-preview":"max-video-preview:-1"},"canonical":"https:\/\/domusonline.ro\/fr\/faq\/","og_locale":"ro_RO","og_type":"article","og_title":"Questions fr\u00e9quentes -","og_description":"Vous b\u00e9n\u00e9ficierez du savoir-faire d&#8217;une \u00e9quipe impliqu\u00e9e dans plus de 10 000 projets de mobilier r\u00e9alis\u00e9s avec succ\u00e8s. \u00cates-vous un fabricant direct ? Oui, nous sommes un fabricant direct, mais nous sommes bien plus que cela. Nous sommes une \u00e9quipe d\u00e9di\u00e9e d\u2019artistes et d\u2019artisans qui cr\u00e9ent des meubles et des accessoires de haute qualit\u00e9 pour [&hellip;]","og_url":"https:\/\/domusonline.ro\/fr\/faq\/","article_modified_time":"2023-06-19T22:19:48+00:00","twitter_card":"summary_large_image","twitter_misc":{"Timp estimat pentru citire":"4 minute"},"schema":{"@context":"https:\/\/schema.org","@graph":[{"@type":"WebPage","@id":"https:\/\/domusonline.ro\/fr\/faq\/","url":"https:\/\/domusonline.ro\/fr\/faq\/","name":"Questions fr\u00e9quentes -","isPartOf":{"@id":"https:\/\/domusonline.ro\/fr\/#website"},"datePublished":"2023-02-24T18:35:40+00:00","dateModified":"2023-06-19T22:19:48+00:00","breadcrumb":{"@id":"https:\/\/domusonline.ro\/fr\/faq\/#breadcrumb"},"inLanguage":"ro-RO","potentialAction":[{"@type":"ReadAction","target":["https:\/\/domusonline.ro\/fr\/faq\/"]}]},{"@type":"BreadcrumbList","@id":"https:\/\/domusonline.ro\/fr\/faq\/#breadcrumb","itemListElement":[{"@type":"ListItem","position":1,"name":"Home","item":"https:\/\/domusonline.ro\/fr\/"},{"@type":"ListItem","position":2,"name":"Questions fr\u00e9quentes"}]},{"@type":"WebSite","@id":"https:\/\/domusonline.ro\/fr\/#website","url":"https:\/\/domusonline.ro\/fr\/","name":"","description":"","potentialAction":[{"@type":"SearchAction","target":{"@type":"EntryPoint","urlTemplate":"https:\/\/domusonline.ro\/fr\/?s={search_term_string}"},"query-input":"required name=search_term_string"}],"inLanguage":"ro-RO"}]}},"_links":{"self":[{"href":"https:\/\/domusonline.ro\/fr\/wp-json\/wp\/v2\/pages\/16064","targetHints":{"allow":["GET"]}}],"collection":[{"href":"https:\/\/domusonline.ro\/fr\/wp-json\/wp\/v2\/pages"}],"about":[{"href":"https:\/\/domusonline.ro\/fr\/wp-json\/wp\/v2\/types\/page"}],"author":[{"embeddable":true,"href":"https:\/\/domusonline.ro\/fr\/wp-json\/wp\/v2\/users\/1"}],"replies":[{"embeddable":true,"href":"https:\/\/domusonline.ro\/fr\/wp-json\/wp\/v2\/comments?post=16064"}],"version-history":[{"count":17,"href":"https:\/\/domusonline.ro\/fr\/wp-json\/wp\/v2\/pages\/16064\/revisions"}],"predecessor-version":[{"id":17067,"href":"https:\/\/domusonline.ro\/fr\/wp-json\/wp\/v2\/pages\/16064\/revisions\/17067"}],"wp:attachment":[{"href":"https:\/\/domusonline.ro\/fr\/wp-json\/wp\/v2\/media?parent=16064"}],"curies":[{"name":"wp","href":"https:\/\/api.w.org\/{rel}","templated":true}]}}