{"id":14882,"date":"2021-05-17T14:19:00","date_gmt":"2021-05-17T14:19:00","guid":{"rendered":"https:\/\/acoperisuri-tigle-metalice.ro\/e\/?page_id=7815"},"modified":"2023-06-19T22:13:36","modified_gmt":"2023-06-19T22:13:36","slug":"inspiration","status":"publish","type":"page","link":"https:\/\/domusonline.ro\/fr\/inspiration\/","title":{"rendered":"Inspiration"},"content":{"rendered":"\t\t<div data-elementor-type=\"wp-post\" data-elementor-id=\"14882\" class=\"elementor elementor-14882\">\n\t\t\t\t\t\t\t\t\t<section class=\"elementor-section elementor-top-section elementor-element elementor-element-7895065 elementor-section-boxed elementor-section-height-default elementor-section-height-default\" data-id=\"7895065\" data-element_type=\"section\" data-settings=\"{&quot;background_background&quot;:&quot;classic&quot;}\">\n\t\t\t\t\t\t<div class=\"elementor-container elementor-column-gap-default\">\n\t\t\t\t\t<div class=\"elementor-column elementor-col-100 elementor-top-column elementor-element elementor-element-2a508ea\" data-id=\"2a508ea\" data-element_type=\"column\">\n\t\t\t<div class=\"elementor-widget-wrap elementor-element-populated\">\n\t\t\t\t\t\t\t\t<div class=\"elementor-element elementor-element-05145ab elementor-widget elementor-widget-heading\" data-id=\"05145ab\" data-element_type=\"widget\" data-widget_type=\"heading.default\">\n\t\t\t\t<div class=\"elementor-widget-container\">\n\t\t\t<style>\/*! elementor - v3.10.2 - 29-01-2023 *\/\n.elementor-heading-title{padding:0;margin:0;line-height:1}.elementor-widget-heading .elementor-heading-title[class*=elementor-size-]>a{color:inherit;font-size:inherit;line-height:inherit}.elementor-widget-heading .elementor-heading-title.elementor-size-small{font-size:15px}.elementor-widget-heading .elementor-heading-title.elementor-size-medium{font-size:19px}.elementor-widget-heading .elementor-heading-title.elementor-size-large{font-size:29px}.elementor-widget-heading .elementor-heading-title.elementor-size-xl{font-size:39px}.elementor-widget-heading .elementor-heading-title.elementor-size-xxl{font-size:59px}<\/style><p class=\"elementor-heading-title elementor-size-default\">Inspiration<\/p>\t\t<\/div>\n\t\t\t\t<\/div>\n\t\t\t\t<div class=\"elementor-element elementor-element-637ce14 elementor-widget elementor-widget-heading\" data-id=\"637ce14\" data-element_type=\"widget\" data-widget_type=\"heading.default\">\n\t\t\t\t<div class=\"elementor-widget-container\">\n\t\t\t<h5 class=\"elementor-heading-title elementor-size-default\">Nous avons pr\u00e9par\u00e9 plusieurs environnements complets pour vous, \u00e0 partir desquels vous pouvez vous inspirer et cr\u00e9er la maison parfaite<\/h5>\t\t<\/div>\n\t\t\t\t<\/div>\n\t\t\t\t\t<\/div>\n\t\t<\/div>\n\t\t\t\t\t\t\t<\/div>\n\t\t<\/section>\n\t\t\t\t<section class=\"elementor-section elementor-top-section elementor-element elementor-element-2275368 elementor-hidden-tablet elementor-hidden-mobile elementor-section-boxed elementor-section-height-default elementor-section-height-default\" data-id=\"2275368\" data-element_type=\"section\">\n\t\t\t\t\t\t<div class=\"elementor-container elementor-column-gap-default\">\n\t\t\t\t\t<div class=\"elementor-column elementor-col-33 elementor-top-column elementor-element elementor-element-0126003\" data-id=\"0126003\" data-element_type=\"column\">\n\t\t\t<div class=\"elementor-widget-wrap\">\n\t\t\t\t\t\t\t\t\t<\/div>\n\t\t<\/div>\n\t\t\t\t<div class=\"elementor-column elementor-col-33 elementor-top-column elementor-element elementor-element-08c04e5\" data-id=\"08c04e5\" data-element_type=\"column\" data-settings=\"{&quot;background_background&quot;:&quot;classic&quot;}\">\n\t\t\t<div class=\"elementor-widget-wrap elementor-element-populated\">\n\t\t\t\t\t\t\t\t<div class=\"elementor-element elementor-element-5ae946a elementor-view-default elementor-widget elementor-widget-icon\" data-id=\"5ae946a\" data-element_type=\"widget\" data-widget_type=\"icon.default\">\n\t\t\t\t<div class=\"elementor-widget-container\">\n\t\t\t\t\t<div class=\"elementor-icon-wrapper\">\n\t\t\t<div class=\"elementor-icon\">\n\t\t\t<i aria-hidden=\"true\" class=\"fas fa-arrow-down\"><\/i>\t\t\t<\/div>\n\t\t<\/div>\n\t\t\t\t<\/div>\n\t\t\t\t<\/div>\n\t\t\t\t\t<\/div>\n\t\t<\/div>\n\t\t\t\t<div class=\"elementor-column elementor-col-33 elementor-top-column elementor-element elementor-element-1dc5509\" data-id=\"1dc5509\" data-element_type=\"column\">\n\t\t\t<div class=\"elementor-widget-wrap\">\n\t\t\t\t\t\t\t\t\t<\/div>\n\t\t<\/div>\n\t\t\t\t\t\t\t<\/div>\n\t\t<\/section>\n\t\t\t\t<section class=\"elementor-section elementor-top-section elementor-element elementor-element-10b3474 elementor-section-boxed elementor-section-height-default elementor-section-height-default\" data-id=\"10b3474\" data-element_type=\"section\" data-settings=\"{&quot;background_background&quot;:&quot;classic&quot;}\">\n\t\t\t\t\t\t<div class=\"elementor-container elementor-column-gap-default\">\n\t\t\t\t\t<div class=\"elementor-column elementor-col-100 elementor-top-column elementor-element elementor-element-0cd3927 elementor-invisible\" data-id=\"0cd3927\" data-element_type=\"column\" data-settings=\"{&quot;animation&quot;:&quot;fadeIn&quot;,&quot;animation_delay&quot;:200}\">\n\t\t\t<div class=\"elementor-widget-wrap elementor-element-populated\">\n\t\t\t\t\t\t\t\t<div class=\"elementor-element elementor-element-615632e elementor-grid-2 elementor-grid-tablet-2 elementor-grid-mobile-1 elementor-posts--thumbnail-top elementor-widget elementor-widget-posts\" data-id=\"615632e\" data-element_type=\"widget\" data-settings=\"{&quot;classic_columns&quot;:&quot;2&quot;,&quot;classic_columns_tablet&quot;:&quot;2&quot;,&quot;classic_columns_mobile&quot;:&quot;1&quot;,&quot;classic_row_gap&quot;:{&quot;unit&quot;:&quot;px&quot;,&quot;size&quot;:35,&quot;sizes&quot;:[]},&quot;classic_row_gap_tablet&quot;:{&quot;unit&quot;:&quot;px&quot;,&quot;size&quot;:&quot;&quot;,&quot;sizes&quot;:[]},&quot;classic_row_gap_mobile&quot;:{&quot;unit&quot;:&quot;px&quot;,&quot;size&quot;:&quot;&quot;,&quot;sizes&quot;:[]}}\" data-widget_type=\"posts.classic\">\n\t\t\t\t<div class=\"elementor-widget-container\">\n\t\t\t<link rel=\"stylesheet\" href=\"https:\/\/domusonline.ro\/fr\/wp-content\/plugins\/elementor-pro\/assets\/css\/widget-posts.min.css\">\t\t<div class=\"elementor-posts-container elementor-posts elementor-posts--skin-classic elementor-grid\">\n\t\t\t\t<article class=\"elementor-post elementor-grid-item post-16415 post type-post status-publish format-standard has-post-thumbnail hentry category-uncategorized\">\n\t\t\t\t<a class=\"elementor-post__thumbnail__link\" href=\"https:\/\/domusonline.ro\/fr\/inspiratie-pentru-alegerea-usilor-de-exterior-din-lemn\/\" >\n\t\t\t<div class=\"elementor-post__thumbnail\"><img loading=\"lazy\" decoding=\"async\" width=\"750\" height=\"650\" src=\"https:\/\/domusonline.ro\/fr\/wp-content\/uploads\/2023\/02\/fae856f3-be02-40c9-be9f-04a22c576d4b.jpg\" class=\"attachment-full size-full wp-image-16986\" alt=\"\" srcset=\"https:\/\/domusonline.ro\/fr\/wp-content\/uploads\/2023\/02\/fae856f3-be02-40c9-be9f-04a22c576d4b.jpg 750w, https:\/\/domusonline.ro\/fr\/wp-content\/uploads\/2023\/02\/fae856f3-be02-40c9-be9f-04a22c576d4b-300x260.jpg 300w, https:\/\/domusonline.ro\/fr\/wp-content\/uploads\/2023\/02\/fae856f3-be02-40c9-be9f-04a22c576d4b-600x520.jpg 600w\" sizes=\"auto, (max-width: 750px) 100vw, 750px\" \/><\/div>\n\t\t<\/a>\n\t\t\t\t<div class=\"elementor-post__text\">\n\t\t\t\t<h5 class=\"elementor-post__title\">\n\t\t\t<a href=\"https:\/\/domusonline.ro\/fr\/inspiratie-pentru-alegerea-usilor-de-exterior-din-lemn\/\" >\n\t\t\t\tInspiration pour les escaliers int\u00e9rieurs\t\t\t<\/a>\n\t\t<\/h5>\n\t\t\t\t<\/div>\n\t\t\t\t<\/article>\n\t\t\t\t<article class=\"elementor-post elementor-grid-item post-16410 post type-post status-publish format-standard has-post-thumbnail hentry category-uncategorized\">\n\t\t\t\t<a class=\"elementor-post__thumbnail__link\" href=\"https:\/\/domusonline.ro\/fr\/inspiratie-pentru-alegerea-usilor-de-interior-din-lemn\/\" >\n\t\t\t<div class=\"elementor-post__thumbnail\"><img loading=\"lazy\" decoding=\"async\" width=\"1600\" height=\"900\" src=\"https:\/\/domusonline.ro\/fr\/wp-content\/uploads\/2023\/02\/44-1.jpg\" class=\"attachment-full size-full wp-image-16411\" alt=\"\" srcset=\"https:\/\/domusonline.ro\/fr\/wp-content\/uploads\/2023\/02\/44-1.jpg 1600w, https:\/\/domusonline.ro\/fr\/wp-content\/uploads\/2023\/02\/44-1-300x169.jpg 300w, https:\/\/domusonline.ro\/fr\/wp-content\/uploads\/2023\/02\/44-1-1024x576.jpg 1024w, https:\/\/domusonline.ro\/fr\/wp-content\/uploads\/2023\/02\/44-1-768x432.jpg 768w, https:\/\/domusonline.ro\/fr\/wp-content\/uploads\/2023\/02\/44-1-1536x864.jpg 1536w, https:\/\/domusonline.ro\/fr\/wp-content\/uploads\/2023\/02\/44-1-600x338.jpg 600w\" sizes=\"auto, (max-width: 1600px) 100vw, 1600px\" \/><\/div>\n\t\t<\/a>\n\t\t\t\t<div class=\"elementor-post__text\">\n\t\t\t\t<h5 class=\"elementor-post__title\">\n\t\t\t<a href=\"https:\/\/domusonline.ro\/fr\/inspiratie-pentru-alegerea-usilor-de-interior-din-lemn\/\" >\n\t\t\t\tInspiration pour le choix des portes int\u00e9rieures en bois\t\t\t<\/a>\n\t\t<\/h5>\n\t\t\t\t<\/div>\n\t\t\t\t<\/article>\n\t\t\t\t<\/div>\n\t\t\n\t\t\t\t<\/div>\n\t\t\t\t<\/div>\n\t\t\t\t\t<\/div>\n\t\t<\/div>\n\t\t\t\t\t\t\t<\/div>\n\t\t<\/section>\n\t\t\t\t\t\t\t<\/div>\n\t\t","protected":false},"excerpt":{"rendered":"<p>Inspiration Nous avons pr\u00e9par\u00e9 plusieurs environnements complets pour vous, \u00e0 partir desquels vous pouvez vous inspirer et cr\u00e9er la maison parfaite<\/p>\n","protected":false},"author":1,"featured_media":0,"parent":0,"menu_order":0,"comment_status":"closed","ping_status":"closed","template":"elementor_header_footer","meta":{"_joinchat":[],"footnotes":""},"class_list":["post-14882","page","type-page","status-publish","hentry"],"yoast_head":"<!-- This site is optimized with the Yoast SEO plugin v19.7.2 - https:\/\/yoast.com\/wordpress\/plugins\/seo\/ -->\n<title>Inspiration -<\/title>\n<meta name=\"robots\" content=\"index, follow, max-snippet:-1, max-image-preview:large, max-video-preview:-1\" \/>\n<link rel=\"canonical\" href=\"https:\/\/domusonline.ro\/fr\/inspiration\/\" \/>\n<meta property=\"og:locale\" content=\"ro_RO\" \/>\n<meta property=\"og:type\" content=\"article\" \/>\n<meta property=\"og:title\" content=\"Inspiration -\" \/>\n<meta property=\"og:description\" content=\"Inspiration Nous avons pr\u00e9par\u00e9 plusieurs environnements complets pour vous, \u00e0 partir desquels vous pouvez vous inspirer et cr\u00e9er la maison parfaite\" \/>\n<meta property=\"og:url\" content=\"https:\/\/domusonline.ro\/fr\/inspiration\/\" \/>\n<meta property=\"article:modified_time\" content=\"2023-06-19T22:13:36+00:00\" \/>\n<meta name=\"twitter:card\" content=\"summary_large_image\" \/>\n<meta name=\"twitter:label1\" content=\"Timp estimat pentru citire\" \/>\n\t<meta name=\"twitter:data1\" content=\"1 minut\" \/>\n<script type=\"application\/ld+json\" class=\"yoast-schema-graph\">{\"@context\":\"https:\/\/schema.org\",\"@graph\":[{\"@type\":\"WebPage\",\"@id\":\"https:\/\/domusonline.ro\/fr\/inspiration\/\",\"url\":\"https:\/\/domusonline.ro\/fr\/inspiration\/\",\"name\":\"Inspiration -\",\"isPartOf\":{\"@id\":\"https:\/\/domusonline.ro\/fr\/#website\"},\"datePublished\":\"2021-05-17T14:19:00+00:00\",\"dateModified\":\"2023-06-19T22:13:36+00:00\",\"breadcrumb\":{\"@id\":\"https:\/\/domusonline.ro\/fr\/inspiration\/#breadcrumb\"},\"inLanguage\":\"ro-RO\",\"potentialAction\":[{\"@type\":\"ReadAction\",\"target\":[\"https:\/\/domusonline.ro\/fr\/inspiration\/\"]}]},{\"@type\":\"BreadcrumbList\",\"@id\":\"https:\/\/domusonline.ro\/fr\/inspiration\/#breadcrumb\",\"itemListElement\":[{\"@type\":\"ListItem\",\"position\":1,\"name\":\"Home\",\"item\":\"https:\/\/domusonline.ro\/fr\/\"},{\"@type\":\"ListItem\",\"position\":2,\"name\":\"Inspiration\"}]},{\"@type\":\"WebSite\",\"@id\":\"https:\/\/domusonline.ro\/fr\/#website\",\"url\":\"https:\/\/domusonline.ro\/fr\/\",\"name\":\"\",\"description\":\"\",\"potentialAction\":[{\"@type\":\"SearchAction\",\"target\":{\"@type\":\"EntryPoint\",\"urlTemplate\":\"https:\/\/domusonline.ro\/fr\/?s={search_term_string}\"},\"query-input\":\"required name=search_term_string\"}],\"inLanguage\":\"ro-RO\"}]}<\/script>\n<!-- \/ Yoast SEO plugin. -->","yoast_head_json":{"title":"Inspiration -","robots":{"index":"index","follow":"follow","max-snippet":"max-snippet:-1","max-image-preview":"max-image-preview:large","max-video-preview":"max-video-preview:-1"},"canonical":"https:\/\/domusonline.ro\/fr\/inspiration\/","og_locale":"ro_RO","og_type":"article","og_title":"Inspiration -","og_description":"Inspiration Nous avons pr\u00e9par\u00e9 plusieurs environnements complets pour vous, \u00e0 partir desquels vous pouvez vous inspirer et cr\u00e9er la maison parfaite","og_url":"https:\/\/domusonline.ro\/fr\/inspiration\/","article_modified_time":"2023-06-19T22:13:36+00:00","twitter_card":"summary_large_image","twitter_misc":{"Timp estimat pentru citire":"1 minut"},"schema":{"@context":"https:\/\/schema.org","@graph":[{"@type":"WebPage","@id":"https:\/\/domusonline.ro\/fr\/inspiration\/","url":"https:\/\/domusonline.ro\/fr\/inspiration\/","name":"Inspiration -","isPartOf":{"@id":"https:\/\/domusonline.ro\/fr\/#website"},"datePublished":"2021-05-17T14:19:00+00:00","dateModified":"2023-06-19T22:13:36+00:00","breadcrumb":{"@id":"https:\/\/domusonline.ro\/fr\/inspiration\/#breadcrumb"},"inLanguage":"ro-RO","potentialAction":[{"@type":"ReadAction","target":["https:\/\/domusonline.ro\/fr\/inspiration\/"]}]},{"@type":"BreadcrumbList","@id":"https:\/\/domusonline.ro\/fr\/inspiration\/#breadcrumb","itemListElement":[{"@type":"ListItem","position":1,"name":"Home","item":"https:\/\/domusonline.ro\/fr\/"},{"@type":"ListItem","position":2,"name":"Inspiration"}]},{"@type":"WebSite","@id":"https:\/\/domusonline.ro\/fr\/#website","url":"https:\/\/domusonline.ro\/fr\/","name":"","description":"","potentialAction":[{"@type":"SearchAction","target":{"@type":"EntryPoint","urlTemplate":"https:\/\/domusonline.ro\/fr\/?s={search_term_string}"},"query-input":"required name=search_term_string"}],"inLanguage":"ro-RO"}]}},"_links":{"self":[{"href":"https:\/\/domusonline.ro\/fr\/wp-json\/wp\/v2\/pages\/14882","targetHints":{"allow":["GET"]}}],"collection":[{"href":"https:\/\/domusonline.ro\/fr\/wp-json\/wp\/v2\/pages"}],"about":[{"href":"https:\/\/domusonline.ro\/fr\/wp-json\/wp\/v2\/types\/page"}],"author":[{"embeddable":true,"href":"https:\/\/domusonline.ro\/fr\/wp-json\/wp\/v2\/users\/1"}],"replies":[{"embeddable":true,"href":"https:\/\/domusonline.ro\/fr\/wp-json\/wp\/v2\/comments?post=14882"}],"version-history":[{"count":38,"href":"https:\/\/domusonline.ro\/fr\/wp-json\/wp\/v2\/pages\/14882\/revisions"}],"predecessor-version":[{"id":17061,"href":"https:\/\/domusonline.ro\/fr\/wp-json\/wp\/v2\/pages\/14882\/revisions\/17061"}],"wp:attachment":[{"href":"https:\/\/domusonline.ro\/fr\/wp-json\/wp\/v2\/media?parent=14882"}],"curies":[{"name":"wp","href":"https:\/\/api.w.org\/{rel}","templated":true}]}}