{"id":15341,"date":"2023-02-23T16:24:31","date_gmt":"2023-02-23T16:24:31","guid":{"rendered":"https:\/\/domusonline.ro\/en\/?post_type=product&#038;p=15341"},"modified":"2023-03-16T00:32:06","modified_gmt":"2023-03-16T00:32:06","slug":"usi-de-exterior-din-lemn-stratificat-d02","status":"publish","type":"product","link":"https:\/\/domusonline.ro\/en\/product\/usi-de-exterior-din-lemn-stratificat-d02\/","title":{"rendered":"Usi de exterior din lemn stratificat"},"content":{"rendered":"<p class=\"p1\"><span class=\"word\" data-words=\"Echip\u0103,Echipa\">Echipa<\/span> DOMUS produce, <span class=\"word\" data-words=\"livreaz\u0103,livreaza\">livreaz\u0103<\/span> <span class=\"word\" data-words=\"\u0219i,si\">\u0219i<\/span> <span class=\"word\" data-words=\"monteaz\u0103,monteaza\">monteaz\u0103<\/span> ferestre din lemn stratificat cu aten\u021bie <span class=\"word\" data-words=\"la,l\u0103\">la<\/span> detalii, pentru o solu\u021bie durabil\u0103 \u0219i estetic\u0103.<\/p>\n<p><strong>Profile de calitate<\/strong><\/p>\n<p class=\"p1\">Profilele u\u0219ilor de exterior din lemn stratificat sunt realizate \u00een trei straturi, folosind esen\u021be de brad, stejar sau esen\u021be exotice, precum meranti \u0219i eucalipt, oferind astfel o durabilitate \u0219i o estetic\u0103 superioar\u0103. Acestea au o sec\u021biune de 68\u00d780 mm sau 78\u00d780 mm \u0219i sunt dispuse fibr\u0103 contra fibr\u0103, ceea ce \u00eenseamn\u0103 c\u0103 tensiunile interne sunt anulate, reduc\u00e2nd astfel riscul de tensionare \u00een timp. Stratificarea se realizeaz\u0103 \u00een prese speciale, cu adezivi clasa D4, rezisten\u021bi la umiditate, pentru o calitate superioar\u0103 \u0219i o durabilitate \u00eendelungat\u0103.Finisaje premium<\/p>\n<p class=\"p1\"><strong>Lacuri protectoare<\/strong><\/p>\n<p>Pentru a oferi o protec\u021bie superioar\u0103 t\u00e2mpl\u0103riei, folosim lacuri ecologice pe baz\u0103 de ap\u0103 Sikkens din Olanda sau ICA din Italia. Aceste lacuri nu doar c\u0103 ofer\u0103 un aspect m\u0103t\u0103sos uimitor, dar sunt \u0219i rezistente la factorii externi, inclusiv la umiditate, razele ultraviolete \u0219i \u00eenghe\u021bul \u0219i dezghe\u021bul repetat. Cu aceste lacuri, t\u00e2mpl\u0103ria dvs. va ar\u0103ta \u0219i se va sim\u021bi ca nou\u0103 timp de mul\u021bi ani.<\/p>\n<p class=\"p1\"><strong>Geamuri cu protec\u021bie fonic\u0103<\/strong><\/p>\n<p>Geamul folosit la u\u0219ile exterioare din lemn stratificat este Ornament+Low-E, in format 4-16-4 mm, cu un coeficient de transfer termic de 1,4 W\/mpK, oferind o izola\u021bie termic\u0103 \u0219i fonic\u0103 superioar\u0103. \u00cen func\u021bie de preferin\u021bele clientului u\u0219ile se pot personaliza cu orice alt tip de geam, inclusiv vitralii.<\/p>\n<p class=\"p1\">Feroneria noastr\u0103 de calitate superioar\u0103 include \u00eenchidere \u00een cinci puncte \u0219i balamale reglabile 3D, pentru a oferi siguran\u021b\u0103 \u0219i func\u021bionalitate pe termen lung.<\/p>\n<p><strong>Feronerie premium<\/strong><\/p>\n<p>Am echipat fiecare u\u0219\u0103 cu feronerie ROTO DOORSAFE &#8211; produc\u0103tor german de renume mondial. Cu \u00eenchidere \u00een cinci puncte \u0219i balamale reglabile 3D, aceast\u0103 feronerie ofer\u0103 o protec\u021bie extrem de sigur\u0103 \u00eempotriva intru\u0219ilor \u0219i asigur\u0103 o func\u021bionalitate u\u0219oar\u0103 \u0219i lin\u0103 a u\u0219ii. \u00cen plus, v\u0103 oferim posibilitatea de a regla u\u0219a dup\u0103 nevoile dvs. cu reglaje fine ulterioare, astfel \u00eenc\u00e2t s\u0103 v\u0103 pute\u021bi bucura de o u\u0219\u0103 care func\u021bioneaz\u0103 la cele mai \u00eenalte standarde.<\/p>\n","protected":false},"excerpt":{"rendered":"<p>Echipa DOMUS produce, livreaz\u0103 \u0219i monteaz\u0103 ferestre din lemn stratificat cu aten\u021bie la detalii, pentru o solu\u021bie durabil\u0103 \u0219i estetic\u0103. Profile de calitate Profilele u\u0219ilor de exterior din lemn stratificat sunt realizate \u00een trei straturi, folosind esen\u021be de brad, stejar sau esen\u021be exotice, precum meranti \u0219i eucalipt, oferind astfel o durabilitate \u0219i o estetic\u0103 superioar\u0103. [&hellip;]<\/p>\n","protected":false},"featured_media":15343,"comment_status":"open","ping_status":"closed","template":"","meta":{"_joinchat":[]},"product_cat":[230],"product_tag":[],"class_list":["post-15341","product","type-product","status-publish","has-post-thumbnail","hentry","product_cat-usi-din-lemn-stratificat"],"yoast_head":"<!-- This site is optimized with the Yoast SEO plugin v19.7.2 - https:\/\/yoast.com\/wordpress\/plugins\/seo\/ -->\n<title>Usi de exterior din lemn stratificat -<\/title>\n<meta name=\"robots\" content=\"index, follow, max-snippet:-1, max-image-preview:large, max-video-preview:-1\" \/>\n<link rel=\"canonical\" href=\"https:\/\/domusonline.ro\/en\/product\/usi-de-exterior-din-lemn-stratificat-d02\/\" \/>\n<meta property=\"og:locale\" content=\"ro_RO\" \/>\n<meta property=\"og:type\" content=\"article\" \/>\n<meta property=\"og:title\" content=\"Usi de exterior din lemn stratificat -\" \/>\n<meta property=\"og:description\" content=\"Echipa DOMUS produce, livreaz\u0103 \u0219i monteaz\u0103 ferestre din lemn stratificat cu aten\u021bie la detalii, pentru o solu\u021bie durabil\u0103 \u0219i estetic\u0103. Profile de calitate Profilele u\u0219ilor de exterior din lemn stratificat sunt realizate \u00een trei straturi, folosind esen\u021be de brad, stejar sau esen\u021be exotice, precum meranti \u0219i eucalipt, oferind astfel o durabilitate \u0219i o estetic\u0103 superioar\u0103. [&hellip;]\" \/>\n<meta property=\"og:url\" content=\"https:\/\/domusonline.ro\/en\/product\/usi-de-exterior-din-lemn-stratificat-d02\/\" \/>\n<meta property=\"article:modified_time\" content=\"2023-03-16T00:32:06+00:00\" \/>\n<meta property=\"og:image\" content=\"https:\/\/domusonline.ro\/en\/wp-content\/uploads\/2023\/02\/d1-2.jpg\" \/>\n\t<meta property=\"og:image:width\" content=\"1365\" \/>\n\t<meta property=\"og:image:height\" content=\"1210\" \/>\n\t<meta property=\"og:image:type\" content=\"image\/jpeg\" \/>\n<meta name=\"twitter:card\" content=\"summary_large_image\" \/>\n<meta name=\"twitter:label1\" content=\"Timp estimat pentru citire\" \/>\n\t<meta name=\"twitter:data1\" content=\"2 minute\" \/>\n<script type=\"application\/ld+json\" class=\"yoast-schema-graph\">{\"@context\":\"https:\/\/schema.org\",\"@graph\":[{\"@type\":\"WebPage\",\"@id\":\"https:\/\/domusonline.ro\/en\/product\/usi-de-exterior-din-lemn-stratificat-d02\/\",\"url\":\"https:\/\/domusonline.ro\/en\/product\/usi-de-exterior-din-lemn-stratificat-d02\/\",\"name\":\"Usi de exterior din lemn stratificat -\",\"isPartOf\":{\"@id\":\"https:\/\/domusonline.ro\/en\/#website\"},\"datePublished\":\"2023-02-23T16:24:31+00:00\",\"dateModified\":\"2023-03-16T00:32:06+00:00\",\"breadcrumb\":{\"@id\":\"https:\/\/domusonline.ro\/en\/product\/usi-de-exterior-din-lemn-stratificat-d02\/#breadcrumb\"},\"inLanguage\":\"ro-RO\",\"potentialAction\":[{\"@type\":\"ReadAction\",\"target\":[\"https:\/\/domusonline.ro\/en\/product\/usi-de-exterior-din-lemn-stratificat-d02\/\"]}]},{\"@type\":\"BreadcrumbList\",\"@id\":\"https:\/\/domusonline.ro\/en\/product\/usi-de-exterior-din-lemn-stratificat-d02\/#breadcrumb\",\"itemListElement\":[{\"@type\":\"ListItem\",\"position\":1,\"name\":\"Home\",\"item\":\"https:\/\/domusonline.ro\/en\/\"},{\"@type\":\"ListItem\",\"position\":2,\"name\":\"Refund and Returns Policy\",\"item\":\"https:\/\/domusonline.ro\/en\/?page_id=5836\"},{\"@type\":\"ListItem\",\"position\":3,\"name\":\"Usi de exterior din lemn stratificat\"}]},{\"@type\":\"WebSite\",\"@id\":\"https:\/\/domusonline.ro\/en\/#website\",\"url\":\"https:\/\/domusonline.ro\/en\/\",\"name\":\"\",\"description\":\"\",\"potentialAction\":[{\"@type\":\"SearchAction\",\"target\":{\"@type\":\"EntryPoint\",\"urlTemplate\":\"https:\/\/domusonline.ro\/en\/?s={search_term_string}\"},\"query-input\":\"required name=search_term_string\"}],\"inLanguage\":\"ro-RO\"}]}<\/script>\n<!-- \/ Yoast SEO plugin. -->","yoast_head_json":{"title":"Usi de exterior din lemn stratificat -","robots":{"index":"index","follow":"follow","max-snippet":"max-snippet:-1","max-image-preview":"max-image-preview:large","max-video-preview":"max-video-preview:-1"},"canonical":"https:\/\/domusonline.ro\/en\/product\/usi-de-exterior-din-lemn-stratificat-d02\/","og_locale":"ro_RO","og_type":"article","og_title":"Usi de exterior din lemn stratificat -","og_description":"Echipa DOMUS produce, livreaz\u0103 \u0219i monteaz\u0103 ferestre din lemn stratificat cu aten\u021bie la detalii, pentru o solu\u021bie durabil\u0103 \u0219i estetic\u0103. Profile de calitate Profilele u\u0219ilor de exterior din lemn stratificat sunt realizate \u00een trei straturi, folosind esen\u021be de brad, stejar sau esen\u021be exotice, precum meranti \u0219i eucalipt, oferind astfel o durabilitate \u0219i o estetic\u0103 superioar\u0103. [&hellip;]","og_url":"https:\/\/domusonline.ro\/en\/product\/usi-de-exterior-din-lemn-stratificat-d02\/","article_modified_time":"2023-03-16T00:32:06+00:00","og_image":[{"width":1365,"height":1210,"url":"https:\/\/domusonline.ro\/en\/wp-content\/uploads\/2023\/02\/d1-2.jpg","type":"image\/jpeg"}],"twitter_card":"summary_large_image","twitter_misc":{"Timp estimat pentru citire":"2 minute"},"schema":{"@context":"https:\/\/schema.org","@graph":[{"@type":"WebPage","@id":"https:\/\/domusonline.ro\/en\/product\/usi-de-exterior-din-lemn-stratificat-d02\/","url":"https:\/\/domusonline.ro\/en\/product\/usi-de-exterior-din-lemn-stratificat-d02\/","name":"Usi de exterior din lemn stratificat -","isPartOf":{"@id":"https:\/\/domusonline.ro\/en\/#website"},"datePublished":"2023-02-23T16:24:31+00:00","dateModified":"2023-03-16T00:32:06+00:00","breadcrumb":{"@id":"https:\/\/domusonline.ro\/en\/product\/usi-de-exterior-din-lemn-stratificat-d02\/#breadcrumb"},"inLanguage":"ro-RO","potentialAction":[{"@type":"ReadAction","target":["https:\/\/domusonline.ro\/en\/product\/usi-de-exterior-din-lemn-stratificat-d02\/"]}]},{"@type":"BreadcrumbList","@id":"https:\/\/domusonline.ro\/en\/product\/usi-de-exterior-din-lemn-stratificat-d02\/#breadcrumb","itemListElement":[{"@type":"ListItem","position":1,"name":"Home","item":"https:\/\/domusonline.ro\/en\/"},{"@type":"ListItem","position":2,"name":"Refund and Returns Policy","item":"https:\/\/domusonline.ro\/en\/?page_id=5836"},{"@type":"ListItem","position":3,"name":"Usi de exterior din lemn stratificat"}]},{"@type":"WebSite","@id":"https:\/\/domusonline.ro\/en\/#website","url":"https:\/\/domusonline.ro\/en\/","name":"","description":"","potentialAction":[{"@type":"SearchAction","target":{"@type":"EntryPoint","urlTemplate":"https:\/\/domusonline.ro\/en\/?s={search_term_string}"},"query-input":"required name=search_term_string"}],"inLanguage":"ro-RO"}]}},"_links":{"self":[{"href":"https:\/\/domusonline.ro\/en\/wp-json\/wp\/v2\/product\/15341","targetHints":{"allow":["GET"]}}],"collection":[{"href":"https:\/\/domusonline.ro\/en\/wp-json\/wp\/v2\/product"}],"about":[{"href":"https:\/\/domusonline.ro\/en\/wp-json\/wp\/v2\/types\/product"}],"replies":[{"embeddable":true,"href":"https:\/\/domusonline.ro\/en\/wp-json\/wp\/v2\/comments?post=15341"}],"wp:featuredmedia":[{"embeddable":true,"href":"https:\/\/domusonline.ro\/en\/wp-json\/wp\/v2\/media\/15343"}],"wp:attachment":[{"href":"https:\/\/domusonline.ro\/en\/wp-json\/wp\/v2\/media?parent=15341"}],"wp:term":[{"taxonomy":"product_cat","embeddable":true,"href":"https:\/\/domusonline.ro\/en\/wp-json\/wp\/v2\/product_cat?post=15341"},{"taxonomy":"product_tag","embeddable":true,"href":"https:\/\/domusonline.ro\/en\/wp-json\/wp\/v2\/product_tag?post=15341"}],"curies":[{"name":"wp","href":"https:\/\/api.w.org\/{rel}","templated":true}]}}